{"id":96,"date":"2021-11-30T15:43:21","date_gmt":"2021-11-30T15:43:21","guid":{"rendered":"https:\/\/startersites.io\/blocksy\/petsy\/?post_type=product&#038;p=96"},"modified":"2026-05-06T22:18:41","modified_gmt":"2026-05-06T22:18:41","slug":"cappuccino-frio","status":"publish","type":"product","link":"https:\/\/saturnocafe.org\/?product=cappuccino-frio","title":{"rendered":"Cappuchino fr\u00edo"},"content":{"rendered":"<p>Una versi\u00f3n refrescante de un cl\u00e1sico favorito. Nuestro cappuccino fr\u00edo se prepara con caf\u00e9 en grano de origen veracruzano con tueste franc\u00e9s de la marca Finca Sof\u00eda, molido al instante para conservar su frescura y aroma. Se combina con agua de garraf\u00f3n marca Epura, leche deslactosada Santa Clara y hielo, logrando una bebida cremosa, suave y perfectamente equilibrada, ideal para disfrutar en d\u00edas c\u00e1lidos.<\/p>\n","protected":false},"excerpt":{"rendered":"<p>Una versi\u00f3n refrescante de un cl\u00e1sico favorito. Nuestro cappuccino fr\u00edo se prepara con caf\u00e9 en grano de origen veracruzano con tueste franc\u00e9s de la marca Finca Sof\u00eda, molido al instante para conservar su frescura y aroma. Se combina con agua de garraf\u00f3n marca Epura, leche deslactosada Santa Clara y hielo, logrando una bebida cremosa, suave [&hellip;]<\/p>\n","protected":false},"featured_media":1008,"comment_status":"open","ping_status":"closed","template":"","meta":{"_uag_custom_page_level_css":"","advanced_seo_description":"","jetpack_seo_html_title":"","jetpack_seo_noindex":false},"product_brand":[],"product_cat":[28],"product_tag":[],"class_list":{"0":"post-96","1":"product","2":"type-product","3":"status-publish","4":"has-post-thumbnail","6":"product_cat-bebidas-frias","8":"first","9":"instock","10":"taxable","11":"shipping-taxable","12":"purchasable","13":"product-type-variable"},"uagb_featured_image_src":{"full":["https:\/\/saturnocafe.org\/wp-content\/uploads\/2021\/11\/WhatsApp-Image-2026-05-06-at-4.15.26-PM-e1778105912186.jpeg",765,866,false],"thumbnail":["https:\/\/saturnocafe.org\/wp-content\/uploads\/2021\/11\/WhatsApp-Image-2026-05-06-at-4.15.26-PM-e1778105912186-150x150.jpeg",150,150,true],"medium":["https:\/\/saturnocafe.org\/wp-content\/uploads\/2021\/11\/WhatsApp-Image-2026-05-06-at-4.15.26-PM-e1778105912186-265x300.jpeg",265,300,true],"medium_large":["https:\/\/saturnocafe.org\/wp-content\/uploads\/2021\/11\/WhatsApp-Image-2026-05-06-at-4.15.26-PM-768x1024.jpeg",768,1024,true],"large":["https:\/\/saturnocafe.org\/wp-content\/uploads\/2021\/11\/WhatsApp-Image-2026-05-06-at-4.15.26-PM-768x1024.jpeg",768,1024,true],"1536x1536":["https:\/\/saturnocafe.org\/wp-content\/uploads\/2021\/11\/WhatsApp-Image-2026-05-06-at-4.15.26-PM-e1778105912186.jpeg",765,866,false],"2048x2048":["https:\/\/saturnocafe.org\/wp-content\/uploads\/2021\/11\/WhatsApp-Image-2026-05-06-at-4.15.26-PM-e1778105912186.jpeg",765,866,false],"woocommerce_archive_thumbnail":["https:\/\/saturnocafe.org\/wp-content\/uploads\/2021\/11\/WhatsApp-Image-2026-05-06-at-4.15.26-PM-e1778105912186-400x453.jpeg",400,453,true],"woocommerce_thumbnail":["https:\/\/saturnocafe.org\/wp-content\/uploads\/2021\/11\/WhatsApp-Image-2026-05-06-at-4.15.26-PM-e1778105912186-400x400.jpeg",400,400,true],"woocommerce_single":["https:\/\/saturnocafe.org\/wp-content\/uploads\/2021\/11\/WhatsApp-Image-2026-05-06-at-4.15.26-PM-e1778105912186-600x679.jpeg",600,679,true],"woocommerce_gallery_thumbnail":["https:\/\/saturnocafe.org\/wp-content\/uploads\/2021\/11\/WhatsApp-Image-2026-05-06-at-4.15.26-PM-e1778105912186-100x100.jpeg",100,100,true]},"uagb_author_info":{"display_name":"232b40017@alumno.ujat.mx","author_link":"https:\/\/saturnocafe.org\/?author=0"},"uagb_comment_info":0,"uagb_excerpt":"Una versi\u00f3n refrescante de un cl\u00e1sico favorito. Nuestro cappuccino fr\u00edo se prepara con caf\u00e9 en grano de origen veracruzano con tueste franc\u00e9s de la marca Finca Sof\u00eda, molido al instante para conservar su frescura y aroma. Se combina con agua de garraf\u00f3n marca Epura, leche deslactosada Santa Clara y hielo, logrando una bebida cremosa, suave&hellip;","jetpack_sharing_enabled":true,"_links":{"self":[{"href":"https:\/\/saturnocafe.org\/index.php?rest_route=\/wp\/v2\/product\/96","targetHints":{"allow":["GET"]}}],"collection":[{"href":"https:\/\/saturnocafe.org\/index.php?rest_route=\/wp\/v2\/product"}],"about":[{"href":"https:\/\/saturnocafe.org\/index.php?rest_route=\/wp\/v2\/types\/product"}],"replies":[{"embeddable":true,"href":"https:\/\/saturnocafe.org\/index.php?rest_route=%2Fwp%2Fv2%2Fcomments&post=96"}],"wp:featuredmedia":[{"embeddable":true,"href":"https:\/\/saturnocafe.org\/index.php?rest_route=\/wp\/v2\/media\/1008"}],"wp:attachment":[{"href":"https:\/\/saturnocafe.org\/index.php?rest_route=%2Fwp%2Fv2%2Fmedia&parent=96"}],"wp:term":[{"taxonomy":"product_brand","embeddable":true,"href":"https:\/\/saturnocafe.org\/index.php?rest_route=%2Fwp%2Fv2%2Fproduct_brand&post=96"},{"taxonomy":"product_cat","embeddable":true,"href":"https:\/\/saturnocafe.org\/index.php?rest_route=%2Fwp%2Fv2%2Fproduct_cat&post=96"},{"taxonomy":"product_tag","embeddable":true,"href":"https:\/\/saturnocafe.org\/index.php?rest_route=%2Fwp%2Fv2%2Fproduct_tag&post=96"}],"curies":[{"name":"wp","href":"https:\/\/api.w.org\/{rel}","templated":true}]}}