{"id":94,"date":"2021-11-30T15:42:07","date_gmt":"2021-11-30T15:42:07","guid":{"rendered":"https:\/\/startersites.io\/blocksy\/petsy\/?post_type=product&#038;p=94"},"modified":"2026-05-06T22:16:52","modified_gmt":"2026-05-06T22:16:52","slug":"latte-frio","status":"publish","type":"product","link":"https:\/\/saturnocafe.org\/?product=latte-frio","title":{"rendered":"Latte fr\u00edo"},"content":{"rendered":"<p>Suave, refrescante y perfectamente equilibrado. Nuestro latte fr\u00edo se prepara con caf\u00e9 en grano de origen veracruzano con tueste franc\u00e9s de la marca Finca Sof\u00eda, molido al instante para conservar su frescura y aroma. Se combina con agua de garraf\u00f3n marca Epura, leche deslactosada Santa Clara y hielo, logrando una bebida cremosa, ligera y ideal para disfrutar en cualquier momento del d\u00eda.<\/p>\n","protected":false},"excerpt":{"rendered":"<p>Suave, refrescante y perfectamente equilibrado. Nuestro latte fr\u00edo se prepara con caf\u00e9 en grano de origen veracruzano con tueste franc\u00e9s de la marca Finca Sof\u00eda, molido al instante para conservar su frescura y aroma. Se combina con agua de garraf\u00f3n marca Epura, leche deslactosada Santa Clara y hielo, logrando una bebida cremosa, ligera y ideal [&hellip;]<\/p>\n","protected":false},"featured_media":1007,"comment_status":"open","ping_status":"closed","template":"","meta":{"_uag_custom_page_level_css":"","advanced_seo_description":"","jetpack_seo_html_title":"","jetpack_seo_noindex":false},"product_brand":[],"product_cat":[28],"product_tag":[],"class_list":{"0":"post-94","1":"product","2":"type-product","3":"status-publish","4":"has-post-thumbnail","6":"product_cat-bebidas-frias","8":"first","9":"instock","10":"taxable","11":"shipping-taxable","12":"purchasable","13":"product-type-variable"},"uagb_featured_image_src":{"full":["https:\/\/saturnocafe.org\/wp-content\/uploads\/2021\/11\/WhatsApp-Image-2026-05-06-at-4.12.55-PM-e1778105805251.jpeg",722,860,false],"thumbnail":["https:\/\/saturnocafe.org\/wp-content\/uploads\/2021\/11\/WhatsApp-Image-2026-05-06-at-4.12.55-PM-e1778105805251-150x150.jpeg",150,150,true],"medium":["https:\/\/saturnocafe.org\/wp-content\/uploads\/2021\/11\/WhatsApp-Image-2026-05-06-at-4.12.55-PM-e1778105805251-252x300.jpeg",252,300,true],"medium_large":["https:\/\/saturnocafe.org\/wp-content\/uploads\/2021\/11\/WhatsApp-Image-2026-05-06-at-4.12.55-PM-768x1024.jpeg",768,1024,true],"large":["https:\/\/saturnocafe.org\/wp-content\/uploads\/2021\/11\/WhatsApp-Image-2026-05-06-at-4.12.55-PM-768x1024.jpeg",768,1024,true],"1536x1536":["https:\/\/saturnocafe.org\/wp-content\/uploads\/2021\/11\/WhatsApp-Image-2026-05-06-at-4.12.55-PM-e1778105805251.jpeg",722,860,false],"2048x2048":["https:\/\/saturnocafe.org\/wp-content\/uploads\/2021\/11\/WhatsApp-Image-2026-05-06-at-4.12.55-PM-e1778105805251.jpeg",722,860,false],"woocommerce_archive_thumbnail":["https:\/\/saturnocafe.org\/wp-content\/uploads\/2021\/11\/WhatsApp-Image-2026-05-06-at-4.12.55-PM-e1778105805251-400x476.jpeg",400,476,true],"woocommerce_thumbnail":["https:\/\/saturnocafe.org\/wp-content\/uploads\/2021\/11\/WhatsApp-Image-2026-05-06-at-4.12.55-PM-e1778105805251-400x400.jpeg",400,400,true],"woocommerce_single":["https:\/\/saturnocafe.org\/wp-content\/uploads\/2021\/11\/WhatsApp-Image-2026-05-06-at-4.12.55-PM-e1778105805251-600x715.jpeg",600,715,true],"woocommerce_gallery_thumbnail":["https:\/\/saturnocafe.org\/wp-content\/uploads\/2021\/11\/WhatsApp-Image-2026-05-06-at-4.12.55-PM-e1778105805251-100x100.jpeg",100,100,true]},"uagb_author_info":{"display_name":"232b40017@alumno.ujat.mx","author_link":"https:\/\/saturnocafe.org\/?author=0"},"uagb_comment_info":0,"uagb_excerpt":"Suave, refrescante y perfectamente equilibrado. Nuestro latte fr\u00edo se prepara con caf\u00e9 en grano de origen veracruzano con tueste franc\u00e9s de la marca Finca Sof\u00eda, molido al instante para conservar su frescura y aroma. Se combina con agua de garraf\u00f3n marca Epura, leche deslactosada Santa Clara y hielo, logrando una bebida cremosa, ligera y ideal&hellip;","jetpack_sharing_enabled":true,"_links":{"self":[{"href":"https:\/\/saturnocafe.org\/index.php?rest_route=\/wp\/v2\/product\/94","targetHints":{"allow":["GET"]}}],"collection":[{"href":"https:\/\/saturnocafe.org\/index.php?rest_route=\/wp\/v2\/product"}],"about":[{"href":"https:\/\/saturnocafe.org\/index.php?rest_route=\/wp\/v2\/types\/product"}],"replies":[{"embeddable":true,"href":"https:\/\/saturnocafe.org\/index.php?rest_route=%2Fwp%2Fv2%2Fcomments&post=94"}],"wp:featuredmedia":[{"embeddable":true,"href":"https:\/\/saturnocafe.org\/index.php?rest_route=\/wp\/v2\/media\/1007"}],"wp:attachment":[{"href":"https:\/\/saturnocafe.org\/index.php?rest_route=%2Fwp%2Fv2%2Fmedia&parent=94"}],"wp:term":[{"taxonomy":"product_brand","embeddable":true,"href":"https:\/\/saturnocafe.org\/index.php?rest_route=%2Fwp%2Fv2%2Fproduct_brand&post=94"},{"taxonomy":"product_cat","embeddable":true,"href":"https:\/\/saturnocafe.org\/index.php?rest_route=%2Fwp%2Fv2%2Fproduct_cat&post=94"},{"taxonomy":"product_tag","embeddable":true,"href":"https:\/\/saturnocafe.org\/index.php?rest_route=%2Fwp%2Fv2%2Fproduct_tag&post=94"}],"curies":[{"name":"wp","href":"https:\/\/api.w.org\/{rel}","templated":true}]}}