{"id":87,"date":"2021-11-30T15:37:43","date_gmt":"2021-11-30T15:37:43","guid":{"rendered":"https:\/\/startersites.io\/blocksy\/petsy\/?post_type=product&#038;p=87"},"modified":"2026-05-06T22:13:49","modified_gmt":"2026-05-06T22:13:49","slug":"limonada","status":"publish","type":"product","link":"https:\/\/saturnocafe.org\/?product=limonada","title":{"rendered":"Limonada"},"content":{"rendered":"<p data-start=\"46\" data-end=\"340\">Refrescante y naturalmente deliciosa. Nuestra limonada es preparada de manera casera con agua de garraf\u00f3n marca Epura, jugo de lim\u00f3n fresco y endulzada con az\u00facar Stevia, logrando una bebida ligera, equilibrada y perfecta para hidratarte y disfrutar en cualquier momento del d\u00eda.<\/p>\n<p data-start=\"342\" data-end=\"435\" data-is-last-node=\"\" data-is-only-node=\"\">Puede disfrutarse en el local o para llevar, manteniendo siempre su frescura y sabor natural.<\/p>\n","protected":false},"excerpt":{"rendered":"<p>Refrescante y naturalmente deliciosa. Nuestra limonada es preparada de manera casera con agua de garraf\u00f3n marca Epura, jugo de lim\u00f3n fresco y endulzada con az\u00facar Stevia, logrando una bebida ligera, equilibrada y perfecta para hidratarte y disfrutar en cualquier momento del d\u00eda. Puede disfrutarse en el local o para llevar, manteniendo siempre su frescura y [&hellip;]<\/p>\n","protected":false},"featured_media":1006,"comment_status":"open","ping_status":"closed","template":"","meta":{"_uag_custom_page_level_css":"","advanced_seo_description":"","jetpack_seo_html_title":"","jetpack_seo_noindex":false},"product_brand":[],"product_cat":[28],"product_tag":[],"class_list":{"0":"post-87","1":"product","2":"type-product","3":"status-publish","4":"has-post-thumbnail","6":"product_cat-bebidas-frias","8":"first","9":"instock","10":"taxable","11":"shipping-taxable","12":"purchasable","13":"product-type-variable"},"uagb_featured_image_src":{"full":["https:\/\/saturnocafe.org\/wp-content\/uploads\/2021\/11\/WhatsApp-Image-2026-05-06-at-4.09.23-PM-e1778105593830.jpeg",980,932,false],"thumbnail":["https:\/\/saturnocafe.org\/wp-content\/uploads\/2021\/11\/WhatsApp-Image-2026-05-06-at-4.09.23-PM-e1778105593830-150x150.jpeg",150,150,true],"medium":["https:\/\/saturnocafe.org\/wp-content\/uploads\/2021\/11\/WhatsApp-Image-2026-05-06-at-4.09.23-PM-e1778105593830-300x285.jpeg",300,285,true],"medium_large":["https:\/\/saturnocafe.org\/wp-content\/uploads\/2021\/11\/WhatsApp-Image-2026-05-06-at-4.09.23-PM-e1778105593830-768x730.jpeg",768,730,true],"large":["https:\/\/saturnocafe.org\/wp-content\/uploads\/2021\/11\/WhatsApp-Image-2026-05-06-at-4.09.23-PM-768x1024.jpeg",768,1024,true],"1536x1536":["https:\/\/saturnocafe.org\/wp-content\/uploads\/2021\/11\/WhatsApp-Image-2026-05-06-at-4.09.23-PM-e1778105593830.jpeg",980,932,false],"2048x2048":["https:\/\/saturnocafe.org\/wp-content\/uploads\/2021\/11\/WhatsApp-Image-2026-05-06-at-4.09.23-PM-e1778105593830.jpeg",980,932,false],"woocommerce_archive_thumbnail":["https:\/\/saturnocafe.org\/wp-content\/uploads\/2021\/11\/WhatsApp-Image-2026-05-06-at-4.09.23-PM-e1778105593830-400x380.jpeg",400,380,true],"woocommerce_thumbnail":["https:\/\/saturnocafe.org\/wp-content\/uploads\/2021\/11\/WhatsApp-Image-2026-05-06-at-4.09.23-PM-e1778105593830-400x400.jpeg",400,400,true],"woocommerce_single":["https:\/\/saturnocafe.org\/wp-content\/uploads\/2021\/11\/WhatsApp-Image-2026-05-06-at-4.09.23-PM-e1778105593830-600x571.jpeg",600,571,true],"woocommerce_gallery_thumbnail":["https:\/\/saturnocafe.org\/wp-content\/uploads\/2021\/11\/WhatsApp-Image-2026-05-06-at-4.09.23-PM-e1778105593830-100x100.jpeg",100,100,true]},"uagb_author_info":{"display_name":"232b40017@alumno.ujat.mx","author_link":"https:\/\/saturnocafe.org\/?author=0"},"uagb_comment_info":0,"uagb_excerpt":"Refrescante y naturalmente deliciosa. Nuestra limonada es preparada de manera casera con agua de garraf\u00f3n marca Epura, jugo de lim\u00f3n fresco y endulzada con az\u00facar Stevia, logrando una bebida ligera, equilibrada y perfecta para hidratarte y disfrutar en cualquier momento del d\u00eda. Puede disfrutarse en el local o para llevar, manteniendo siempre su frescura y&hellip;","jetpack_sharing_enabled":true,"_links":{"self":[{"href":"https:\/\/saturnocafe.org\/index.php?rest_route=\/wp\/v2\/product\/87","targetHints":{"allow":["GET"]}}],"collection":[{"href":"https:\/\/saturnocafe.org\/index.php?rest_route=\/wp\/v2\/product"}],"about":[{"href":"https:\/\/saturnocafe.org\/index.php?rest_route=\/wp\/v2\/types\/product"}],"replies":[{"embeddable":true,"href":"https:\/\/saturnocafe.org\/index.php?rest_route=%2Fwp%2Fv2%2Fcomments&post=87"}],"wp:featuredmedia":[{"embeddable":true,"href":"https:\/\/saturnocafe.org\/index.php?rest_route=\/wp\/v2\/media\/1006"}],"wp:attachment":[{"href":"https:\/\/saturnocafe.org\/index.php?rest_route=%2Fwp%2Fv2%2Fmedia&parent=87"}],"wp:term":[{"taxonomy":"product_brand","embeddable":true,"href":"https:\/\/saturnocafe.org\/index.php?rest_route=%2Fwp%2Fv2%2Fproduct_brand&post=87"},{"taxonomy":"product_cat","embeddable":true,"href":"https:\/\/saturnocafe.org\/index.php?rest_route=%2Fwp%2Fv2%2Fproduct_cat&post=87"},{"taxonomy":"product_tag","embeddable":true,"href":"https:\/\/saturnocafe.org\/index.php?rest_route=%2Fwp%2Fv2%2Fproduct_tag&post=87"}],"curies":[{"name":"wp","href":"https:\/\/api.w.org\/{rel}","templated":true}]}}