{"id":856,"date":"2026-05-04T21:14:25","date_gmt":"2026-05-04T21:14:25","guid":{"rendered":"https:\/\/saturnocafe.org\/?post_type=product&#038;p=856"},"modified":"2026-05-06T23:19:59","modified_gmt":"2026-05-06T23:19:59","slug":"huevos-a-la-mexicana","status":"publish","type":"product","link":"https:\/\/saturnocafe.org\/?product=huevos-a-la-mexicana","title":{"rendered":"Huevos a la mexicana"},"content":{"rendered":"<p data-start=\"1532\" data-end=\"1777\">Los huevos a la mexicana se preparan con 1 pieza de huevo <em data-start=\"1590\" data-end=\"1603\">El Calvario<\/em> revuelto con tomate, cebolla y cilantro, logrando un sabor tradicional y ligeramente fresco. Se acompa\u00f1an con 120 g de frijoles <em data-start=\"1732\" data-end=\"1742\">Michigan<\/em>, 30 g de pl\u00e1tano frito y tortilla.<\/p>\n<p data-start=\"1779\" data-end=\"1897\"><strong data-start=\"1779\" data-end=\"1796\">Presentaci\u00f3n:<\/strong> 1 pieza de huevo <em data-start=\"1814\" data-end=\"1827\">El Calvario<\/em> revuelto con verduras, frijoles <em data-start=\"1860\" data-end=\"1870\">Michigan<\/em>, pl\u00e1tano frito y tortilla.<\/p>\n","protected":false},"excerpt":{"rendered":"<p>Los huevos a la mexicana se preparan con 1 pieza de huevo El Calvario revuelto con tomate, cebolla y cilantro, logrando un sabor tradicional y ligeramente fresco. Se acompa\u00f1an con 120 g de frijoles Michigan, 30 g de pl\u00e1tano frito y tortilla. Presentaci\u00f3n: 1 pieza de huevo El Calvario revuelto con verduras, frijoles Michigan, pl\u00e1tano [&hellip;]<\/p>\n","protected":false},"featured_media":1022,"comment_status":"open","ping_status":"closed","template":"","meta":{"_uag_custom_page_level_css":"","advanced_seo_description":"","jetpack_seo_html_title":"","jetpack_seo_noindex":false},"product_brand":[],"product_cat":[30],"product_tag":[],"class_list":{"0":"post-856","1":"product","2":"type-product","3":"status-publish","4":"has-post-thumbnail","6":"product_cat-huevos","8":"first","9":"instock","10":"taxable","11":"shipping-taxable","12":"purchasable","13":"product-type-simple"},"uagb_featured_image_src":{"full":["https:\/\/saturnocafe.org\/wp-content\/uploads\/2026\/05\/WhatsApp-Image-2026-05-06-at-5.16.31-PM.jpeg",1416,1111,false],"thumbnail":["https:\/\/saturnocafe.org\/wp-content\/uploads\/2026\/05\/WhatsApp-Image-2026-05-06-at-5.16.31-PM-150x150.jpeg",150,150,true],"medium":["https:\/\/saturnocafe.org\/wp-content\/uploads\/2026\/05\/WhatsApp-Image-2026-05-06-at-5.16.31-PM-300x235.jpeg",300,235,true],"medium_large":["https:\/\/saturnocafe.org\/wp-content\/uploads\/2026\/05\/WhatsApp-Image-2026-05-06-at-5.16.31-PM-768x603.jpeg",768,603,true],"large":["https:\/\/saturnocafe.org\/wp-content\/uploads\/2026\/05\/WhatsApp-Image-2026-05-06-at-5.16.31-PM-1024x803.jpeg",1024,803,true],"1536x1536":["https:\/\/saturnocafe.org\/wp-content\/uploads\/2026\/05\/WhatsApp-Image-2026-05-06-at-5.16.31-PM.jpeg",1416,1111,false],"2048x2048":["https:\/\/saturnocafe.org\/wp-content\/uploads\/2026\/05\/WhatsApp-Image-2026-05-06-at-5.16.31-PM.jpeg",1416,1111,false],"woocommerce_archive_thumbnail":["https:\/\/saturnocafe.org\/wp-content\/uploads\/2026\/05\/WhatsApp-Image-2026-05-06-at-5.16.31-PM-400x314.jpeg",400,314,true],"woocommerce_thumbnail":["https:\/\/saturnocafe.org\/wp-content\/uploads\/2026\/05\/WhatsApp-Image-2026-05-06-at-5.16.31-PM-400x400.jpeg",400,400,true],"woocommerce_single":["https:\/\/saturnocafe.org\/wp-content\/uploads\/2026\/05\/WhatsApp-Image-2026-05-06-at-5.16.31-PM-600x471.jpeg",600,471,true],"woocommerce_gallery_thumbnail":["https:\/\/saturnocafe.org\/wp-content\/uploads\/2026\/05\/WhatsApp-Image-2026-05-06-at-5.16.31-PM-100x100.jpeg",100,100,true]},"uagb_author_info":{"display_name":"232b40017@alumno.ujat.mx","author_link":"https:\/\/saturnocafe.org\/?author=0"},"uagb_comment_info":0,"uagb_excerpt":"Los huevos a la mexicana se preparan con 1 pieza de huevo El Calvario revuelto con tomate, cebolla y cilantro, logrando un sabor tradicional y ligeramente fresco. Se acompa\u00f1an con 120 g de frijoles Michigan, 30 g de pl\u00e1tano frito y tortilla. Presentaci\u00f3n: 1 pieza de huevo El Calvario revuelto con verduras, frijoles Michigan, pl\u00e1tano&hellip;","jetpack_sharing_enabled":true,"_links":{"self":[{"href":"https:\/\/saturnocafe.org\/index.php?rest_route=\/wp\/v2\/product\/856","targetHints":{"allow":["GET"]}}],"collection":[{"href":"https:\/\/saturnocafe.org\/index.php?rest_route=\/wp\/v2\/product"}],"about":[{"href":"https:\/\/saturnocafe.org\/index.php?rest_route=\/wp\/v2\/types\/product"}],"replies":[{"embeddable":true,"href":"https:\/\/saturnocafe.org\/index.php?rest_route=%2Fwp%2Fv2%2Fcomments&post=856"}],"wp:featuredmedia":[{"embeddable":true,"href":"https:\/\/saturnocafe.org\/index.php?rest_route=\/wp\/v2\/media\/1022"}],"wp:attachment":[{"href":"https:\/\/saturnocafe.org\/index.php?rest_route=%2Fwp%2Fv2%2Fmedia&parent=856"}],"wp:term":[{"taxonomy":"product_brand","embeddable":true,"href":"https:\/\/saturnocafe.org\/index.php?rest_route=%2Fwp%2Fv2%2Fproduct_brand&post=856"},{"taxonomy":"product_cat","embeddable":true,"href":"https:\/\/saturnocafe.org\/index.php?rest_route=%2Fwp%2Fv2%2Fproduct_cat&post=856"},{"taxonomy":"product_tag","embeddable":true,"href":"https:\/\/saturnocafe.org\/index.php?rest_route=%2Fwp%2Fv2%2Fproduct_tag&post=856"}],"curies":[{"name":"wp","href":"https:\/\/api.w.org\/{rel}","templated":true}]}}