{"id":855,"date":"2026-05-04T21:13:43","date_gmt":"2026-05-04T21:13:43","guid":{"rendered":"https:\/\/saturnocafe.org\/?post_type=product&#038;p=855"},"modified":"2026-05-06T22:54:13","modified_gmt":"2026-05-06T22:54:13","slug":"omellete-con-jamon-y-queso","status":"publish","type":"product","link":"https:\/\/saturnocafe.org\/?product=omellete-con-jamon-y-queso","title":{"rendered":"Omellete con jam\u00f3n y queso"},"content":{"rendered":"<p data-start=\"1093\" data-end=\"1351\">El omelette con queso y jam\u00f3n se elabora con 1 pieza de huevo <em data-start=\"1155\" data-end=\"1168\">El Calvario<\/em>, relleno de jam\u00f3n <em data-start=\"1187\" data-end=\"1192\">FUD<\/em> y queso manchego <em data-start=\"1210\" data-end=\"1216\">LALA<\/em>, ofreciendo una opci\u00f3n m\u00e1s completa y con mayor sabor. Se acompa\u00f1a con 120 g de frijoles <em data-start=\"1306\" data-end=\"1316\">Michigan<\/em>, 30 g de pl\u00e1tano frito y tortilla.<\/p>\n<p data-start=\"1353\" data-end=\"1499\"><strong data-start=\"1353\" data-end=\"1370\">Presentaci\u00f3n:<\/strong> 1 pieza de huevo <em data-start=\"1388\" data-end=\"1401\">El Calvario<\/em> tipo omelette, jam\u00f3n <em data-start=\"1423\" data-end=\"1428\">FUD<\/em>, queso manchego <em data-start=\"1445\" data-end=\"1451\">LALA<\/em>, frijoles <em data-start=\"1462\" data-end=\"1472\">Michigan<\/em>, pl\u00e1tano frito y tortilla.<\/p>\n","protected":false},"excerpt":{"rendered":"<p>El omelette con queso y jam\u00f3n se elabora con 1 pieza de huevo El Calvario, relleno de jam\u00f3n FUD y queso manchego LALA, ofreciendo una opci\u00f3n m\u00e1s completa y con mayor sabor. Se acompa\u00f1a con 120 g de frijoles Michigan, 30 g de pl\u00e1tano frito y tortilla. Presentaci\u00f3n: 1 pieza de huevo El Calvario tipo [&hellip;]<\/p>\n","protected":false},"featured_media":1017,"comment_status":"open","ping_status":"closed","template":"","meta":{"_uag_custom_page_level_css":"","advanced_seo_description":"","jetpack_seo_html_title":"","jetpack_seo_noindex":false},"product_brand":[],"product_cat":[30],"product_tag":[],"class_list":{"0":"post-855","1":"product","2":"type-product","3":"status-publish","4":"has-post-thumbnail","6":"product_cat-huevos","8":"first","9":"instock","10":"taxable","11":"shipping-taxable","12":"purchasable","13":"product-type-simple"},"uagb_featured_image_src":{"full":["https:\/\/saturnocafe.org\/wp-content\/uploads\/2026\/05\/WhatsApp-Image-2026-05-06-at-4.50.06-PM.jpeg",1087,1447,false],"thumbnail":["https:\/\/saturnocafe.org\/wp-content\/uploads\/2026\/05\/WhatsApp-Image-2026-05-06-at-4.50.06-PM-150x150.jpeg",150,150,true],"medium":["https:\/\/saturnocafe.org\/wp-content\/uploads\/2026\/05\/WhatsApp-Image-2026-05-06-at-4.50.06-PM-225x300.jpeg",225,300,true],"medium_large":["https:\/\/saturnocafe.org\/wp-content\/uploads\/2026\/05\/WhatsApp-Image-2026-05-06-at-4.50.06-PM-768x1022.jpeg",768,1022,true],"large":["https:\/\/saturnocafe.org\/wp-content\/uploads\/2026\/05\/WhatsApp-Image-2026-05-06-at-4.50.06-PM-769x1024.jpeg",769,1024,true],"1536x1536":["https:\/\/saturnocafe.org\/wp-content\/uploads\/2026\/05\/WhatsApp-Image-2026-05-06-at-4.50.06-PM.jpeg",1087,1447,false],"2048x2048":["https:\/\/saturnocafe.org\/wp-content\/uploads\/2026\/05\/WhatsApp-Image-2026-05-06-at-4.50.06-PM.jpeg",1087,1447,false],"woocommerce_archive_thumbnail":["https:\/\/saturnocafe.org\/wp-content\/uploads\/2026\/05\/WhatsApp-Image-2026-05-06-at-4.50.06-PM-400x532.jpeg",400,532,true],"woocommerce_thumbnail":["https:\/\/saturnocafe.org\/wp-content\/uploads\/2026\/05\/WhatsApp-Image-2026-05-06-at-4.50.06-PM-400x400.jpeg",400,400,true],"woocommerce_single":["https:\/\/saturnocafe.org\/wp-content\/uploads\/2026\/05\/WhatsApp-Image-2026-05-06-at-4.50.06-PM-600x799.jpeg",600,799,true],"woocommerce_gallery_thumbnail":["https:\/\/saturnocafe.org\/wp-content\/uploads\/2026\/05\/WhatsApp-Image-2026-05-06-at-4.50.06-PM-100x100.jpeg",100,100,true]},"uagb_author_info":{"display_name":"232b40017@alumno.ujat.mx","author_link":"https:\/\/saturnocafe.org\/?author=0"},"uagb_comment_info":0,"uagb_excerpt":"El omelette con queso y jam\u00f3n se elabora con 1 pieza de huevo El Calvario, relleno de jam\u00f3n FUD y queso manchego LALA, ofreciendo una opci\u00f3n m\u00e1s completa y con mayor sabor. Se acompa\u00f1a con 120 g de frijoles Michigan, 30 g de pl\u00e1tano frito y tortilla. Presentaci\u00f3n: 1 pieza de huevo El Calvario tipo&hellip;","jetpack_sharing_enabled":true,"_links":{"self":[{"href":"https:\/\/saturnocafe.org\/index.php?rest_route=\/wp\/v2\/product\/855","targetHints":{"allow":["GET"]}}],"collection":[{"href":"https:\/\/saturnocafe.org\/index.php?rest_route=\/wp\/v2\/product"}],"about":[{"href":"https:\/\/saturnocafe.org\/index.php?rest_route=\/wp\/v2\/types\/product"}],"replies":[{"embeddable":true,"href":"https:\/\/saturnocafe.org\/index.php?rest_route=%2Fwp%2Fv2%2Fcomments&post=855"}],"wp:featuredmedia":[{"embeddable":true,"href":"https:\/\/saturnocafe.org\/index.php?rest_route=\/wp\/v2\/media\/1017"}],"wp:attachment":[{"href":"https:\/\/saturnocafe.org\/index.php?rest_route=%2Fwp%2Fv2%2Fmedia&parent=855"}],"wp:term":[{"taxonomy":"product_brand","embeddable":true,"href":"https:\/\/saturnocafe.org\/index.php?rest_route=%2Fwp%2Fv2%2Fproduct_brand&post=855"},{"taxonomy":"product_cat","embeddable":true,"href":"https:\/\/saturnocafe.org\/index.php?rest_route=%2Fwp%2Fv2%2Fproduct_cat&post=855"},{"taxonomy":"product_tag","embeddable":true,"href":"https:\/\/saturnocafe.org\/index.php?rest_route=%2Fwp%2Fv2%2Fproduct_tag&post=855"}],"curies":[{"name":"wp","href":"https:\/\/api.w.org\/{rel}","templated":true}]}}