{"id":854,"date":"2026-05-04T21:12:58","date_gmt":"2026-05-04T21:12:58","guid":{"rendered":"https:\/\/saturnocafe.org\/?post_type=product&#038;p=854"},"modified":"2026-05-06T22:53:07","modified_gmt":"2026-05-06T22:53:07","slug":"omellette-sencillo","status":"publish","type":"product","link":"https:\/\/saturnocafe.org\/?product=omellette-sencillo","title":{"rendered":"Omellette sencillo"},"content":{"rendered":"<p data-start=\"675\" data-end=\"927\">El omelette sencillo se prepara con 1 pieza de huevo marca <em data-start=\"734\" data-end=\"747\">El Calvario<\/em>, ofreciendo una opci\u00f3n ligera y tradicional. Se acompa\u00f1a con 120 g de frijoles <em data-start=\"827\" data-end=\"837\">Michigan<\/em>, 30 g de pl\u00e1tano frito y 1 g de tortilla, logrando un platillo b\u00e1sico pero reconfortante.<\/p>\n<p data-start=\"929\" data-end=\"1054\"><strong data-start=\"929\" data-end=\"946\">Presentaci\u00f3n:<\/strong> 1 pieza de huevo <em data-start=\"964\" data-end=\"977\">El Calvario<\/em> en preparaci\u00f3n tipo omelette, frijoles <em data-start=\"1017\" data-end=\"1027\">Michigan<\/em>, pl\u00e1tano frito y tortilla.<\/p>\n","protected":false},"excerpt":{"rendered":"<p>El omelette sencillo se prepara con 1 pieza de huevo marca El Calvario, ofreciendo una opci\u00f3n ligera y tradicional. Se acompa\u00f1a con 120 g de frijoles Michigan, 30 g de pl\u00e1tano frito y 1 g de tortilla, logrando un platillo b\u00e1sico pero reconfortante. Presentaci\u00f3n: 1 pieza de huevo El Calvario en preparaci\u00f3n tipo omelette, frijoles [&hellip;]<\/p>\n","protected":false},"featured_media":1016,"comment_status":"open","ping_status":"closed","template":"","meta":{"_uag_custom_page_level_css":"","advanced_seo_description":"","jetpack_seo_html_title":"","jetpack_seo_noindex":false},"product_brand":[],"product_cat":[30],"product_tag":[],"class_list":{"0":"post-854","1":"product","2":"type-product","3":"status-publish","4":"has-post-thumbnail","6":"product_cat-huevos","8":"first","9":"instock","10":"taxable","11":"shipping-taxable","12":"purchasable","13":"product-type-simple"},"uagb_featured_image_src":{"full":["https:\/\/saturnocafe.org\/wp-content\/uploads\/2026\/05\/WhatsApp-Image-2026-05-06-at-4.48.58-PM.jpeg",1087,1447,false],"thumbnail":["https:\/\/saturnocafe.org\/wp-content\/uploads\/2026\/05\/WhatsApp-Image-2026-05-06-at-4.48.58-PM-150x150.jpeg",150,150,true],"medium":["https:\/\/saturnocafe.org\/wp-content\/uploads\/2026\/05\/WhatsApp-Image-2026-05-06-at-4.48.58-PM-225x300.jpeg",225,300,true],"medium_large":["https:\/\/saturnocafe.org\/wp-content\/uploads\/2026\/05\/WhatsApp-Image-2026-05-06-at-4.48.58-PM-768x1022.jpeg",768,1022,true],"large":["https:\/\/saturnocafe.org\/wp-content\/uploads\/2026\/05\/WhatsApp-Image-2026-05-06-at-4.48.58-PM-769x1024.jpeg",769,1024,true],"1536x1536":["https:\/\/saturnocafe.org\/wp-content\/uploads\/2026\/05\/WhatsApp-Image-2026-05-06-at-4.48.58-PM.jpeg",1087,1447,false],"2048x2048":["https:\/\/saturnocafe.org\/wp-content\/uploads\/2026\/05\/WhatsApp-Image-2026-05-06-at-4.48.58-PM.jpeg",1087,1447,false],"woocommerce_archive_thumbnail":["https:\/\/saturnocafe.org\/wp-content\/uploads\/2026\/05\/WhatsApp-Image-2026-05-06-at-4.48.58-PM-400x532.jpeg",400,532,true],"woocommerce_thumbnail":["https:\/\/saturnocafe.org\/wp-content\/uploads\/2026\/05\/WhatsApp-Image-2026-05-06-at-4.48.58-PM-400x400.jpeg",400,400,true],"woocommerce_single":["https:\/\/saturnocafe.org\/wp-content\/uploads\/2026\/05\/WhatsApp-Image-2026-05-06-at-4.48.58-PM-600x799.jpeg",600,799,true],"woocommerce_gallery_thumbnail":["https:\/\/saturnocafe.org\/wp-content\/uploads\/2026\/05\/WhatsApp-Image-2026-05-06-at-4.48.58-PM-100x100.jpeg",100,100,true]},"uagb_author_info":{"display_name":"232b40017@alumno.ujat.mx","author_link":"https:\/\/saturnocafe.org\/?author=0"},"uagb_comment_info":0,"uagb_excerpt":"El omelette sencillo se prepara con 1 pieza de huevo marca El Calvario, ofreciendo una opci\u00f3n ligera y tradicional. Se acompa\u00f1a con 120 g de frijoles Michigan, 30 g de pl\u00e1tano frito y 1 g de tortilla, logrando un platillo b\u00e1sico pero reconfortante. Presentaci\u00f3n: 1 pieza de huevo El Calvario en preparaci\u00f3n tipo omelette, frijoles&hellip;","jetpack_sharing_enabled":true,"_links":{"self":[{"href":"https:\/\/saturnocafe.org\/index.php?rest_route=\/wp\/v2\/product\/854","targetHints":{"allow":["GET"]}}],"collection":[{"href":"https:\/\/saturnocafe.org\/index.php?rest_route=\/wp\/v2\/product"}],"about":[{"href":"https:\/\/saturnocafe.org\/index.php?rest_route=\/wp\/v2\/types\/product"}],"replies":[{"embeddable":true,"href":"https:\/\/saturnocafe.org\/index.php?rest_route=%2Fwp%2Fv2%2Fcomments&post=854"}],"wp:featuredmedia":[{"embeddable":true,"href":"https:\/\/saturnocafe.org\/index.php?rest_route=\/wp\/v2\/media\/1016"}],"wp:attachment":[{"href":"https:\/\/saturnocafe.org\/index.php?rest_route=%2Fwp%2Fv2%2Fmedia&parent=854"}],"wp:term":[{"taxonomy":"product_brand","embeddable":true,"href":"https:\/\/saturnocafe.org\/index.php?rest_route=%2Fwp%2Fv2%2Fproduct_brand&post=854"},{"taxonomy":"product_cat","embeddable":true,"href":"https:\/\/saturnocafe.org\/index.php?rest_route=%2Fwp%2Fv2%2Fproduct_cat&post=854"},{"taxonomy":"product_tag","embeddable":true,"href":"https:\/\/saturnocafe.org\/index.php?rest_route=%2Fwp%2Fv2%2Fproduct_tag&post=854"}],"curies":[{"name":"wp","href":"https:\/\/api.w.org\/{rel}","templated":true}]}}