{"id":853,"date":"2026-05-04T21:11:55","date_gmt":"2026-05-04T21:11:55","guid":{"rendered":"https:\/\/saturnocafe.org\/?post_type=product&#038;p=853"},"modified":"2026-05-06T23:13:25","modified_gmt":"2026-05-06T23:13:25","slug":"huevos-al-gusto","status":"publish","type":"product","link":"https:\/\/saturnocafe.org\/?product=huevos-al-gusto","title":{"rendered":"Huevos al gusto"},"content":{"rendered":"<p data-start=\"21\" data-end=\"495\">Los huevos al gusto se elaboran con huevo marca <em data-start=\"69\" data-end=\"82\">El Calvario<\/em> en diferentes preparaciones como estrellados, revueltos o tipo omelette, ofreciendo una opci\u00f3n vers\u00e1til con sabor casero. Se acompa\u00f1an con 120 g de frijoles <em data-start=\"240\" data-end=\"250\">Michigan<\/em> y 30 g de pl\u00e1tano frito, creando un platillo completo y equilibrado. Dependiendo de la preparaci\u00f3n, pueden incluir ingredientes adicionales como jam\u00f3n <em data-start=\"402\" data-end=\"407\">FUD<\/em>, queso manchego <em data-start=\"424\" data-end=\"430\">LALA<\/em>, tomate, cebolla y salsas, lo que permite personalizar su sabor.<\/p>\n<p data-start=\"497\" data-end=\"645\"><strong data-start=\"497\" data-end=\"514\">Presentaci\u00f3n:<\/strong> 3 piezas de huevo <em data-start=\"533\" data-end=\"546\">El Calvario<\/em> preparados al gusto (revueltos o estrellados), acompa\u00f1ados de frijoles <em data-start=\"618\" data-end=\"628\">Michigan<\/em> y pl\u00e1tano frito.<\/p>\n","protected":false},"excerpt":{"rendered":"<p>Los huevos al gusto se elaboran con huevo marca El Calvario en diferentes preparaciones como estrellados, revueltos o tipo omelette, ofreciendo una opci\u00f3n vers\u00e1til con sabor casero. Se acompa\u00f1an con 120 g de frijoles Michigan y 30 g de pl\u00e1tano frito, creando un platillo completo y equilibrado. Dependiendo de la preparaci\u00f3n, pueden incluir ingredientes adicionales [&hellip;]<\/p>\n","protected":false},"featured_media":1020,"comment_status":"open","ping_status":"closed","template":"","meta":{"_uag_custom_page_level_css":"","advanced_seo_description":"","jetpack_seo_html_title":"","jetpack_seo_noindex":false},"product_brand":[],"product_cat":[30],"product_tag":[],"class_list":{"0":"post-853","1":"product","2":"type-product","3":"status-publish","4":"has-post-thumbnail","6":"product_cat-huevos","8":"first","9":"instock","10":"taxable","11":"shipping-taxable","12":"purchasable","13":"product-type-simple"},"uagb_featured_image_src":{"full":["https:\/\/saturnocafe.org\/wp-content\/uploads\/2026\/05\/ChatGPT-Image-6-may-2026-05_12_56-p.m.png",1411,1114,false],"thumbnail":["https:\/\/saturnocafe.org\/wp-content\/uploads\/2026\/05\/ChatGPT-Image-6-may-2026-05_12_56-p.m-150x150.png",150,150,true],"medium":["https:\/\/saturnocafe.org\/wp-content\/uploads\/2026\/05\/ChatGPT-Image-6-may-2026-05_12_56-p.m-300x237.png",300,237,true],"medium_large":["https:\/\/saturnocafe.org\/wp-content\/uploads\/2026\/05\/ChatGPT-Image-6-may-2026-05_12_56-p.m-768x606.png",768,606,true],"large":["https:\/\/saturnocafe.org\/wp-content\/uploads\/2026\/05\/ChatGPT-Image-6-may-2026-05_12_56-p.m-1024x808.png",1024,808,true],"1536x1536":["https:\/\/saturnocafe.org\/wp-content\/uploads\/2026\/05\/ChatGPT-Image-6-may-2026-05_12_56-p.m.png",1411,1114,false],"2048x2048":["https:\/\/saturnocafe.org\/wp-content\/uploads\/2026\/05\/ChatGPT-Image-6-may-2026-05_12_56-p.m.png",1411,1114,false],"woocommerce_archive_thumbnail":["https:\/\/saturnocafe.org\/wp-content\/uploads\/2026\/05\/ChatGPT-Image-6-may-2026-05_12_56-p.m-400x316.png",400,316,true],"woocommerce_thumbnail":["https:\/\/saturnocafe.org\/wp-content\/uploads\/2026\/05\/ChatGPT-Image-6-may-2026-05_12_56-p.m-400x400.png",400,400,true],"woocommerce_single":["https:\/\/saturnocafe.org\/wp-content\/uploads\/2026\/05\/ChatGPT-Image-6-may-2026-05_12_56-p.m-600x474.png",600,474,true],"woocommerce_gallery_thumbnail":["https:\/\/saturnocafe.org\/wp-content\/uploads\/2026\/05\/ChatGPT-Image-6-may-2026-05_12_56-p.m-100x100.png",100,100,true]},"uagb_author_info":{"display_name":"232b40017@alumno.ujat.mx","author_link":"https:\/\/saturnocafe.org\/?author=0"},"uagb_comment_info":0,"uagb_excerpt":"Los huevos al gusto se elaboran con huevo marca El Calvario en diferentes preparaciones como estrellados, revueltos o tipo omelette, ofreciendo una opci\u00f3n vers\u00e1til con sabor casero. Se acompa\u00f1an con 120 g de frijoles Michigan y 30 g de pl\u00e1tano frito, creando un platillo completo y equilibrado. Dependiendo de la preparaci\u00f3n, pueden incluir ingredientes adicionales&hellip;","jetpack_sharing_enabled":true,"_links":{"self":[{"href":"https:\/\/saturnocafe.org\/index.php?rest_route=\/wp\/v2\/product\/853","targetHints":{"allow":["GET"]}}],"collection":[{"href":"https:\/\/saturnocafe.org\/index.php?rest_route=\/wp\/v2\/product"}],"about":[{"href":"https:\/\/saturnocafe.org\/index.php?rest_route=\/wp\/v2\/types\/product"}],"replies":[{"embeddable":true,"href":"https:\/\/saturnocafe.org\/index.php?rest_route=%2Fwp%2Fv2%2Fcomments&post=853"}],"wp:featuredmedia":[{"embeddable":true,"href":"https:\/\/saturnocafe.org\/index.php?rest_route=\/wp\/v2\/media\/1020"}],"wp:attachment":[{"href":"https:\/\/saturnocafe.org\/index.php?rest_route=%2Fwp%2Fv2%2Fmedia&parent=853"}],"wp:term":[{"taxonomy":"product_brand","embeddable":true,"href":"https:\/\/saturnocafe.org\/index.php?rest_route=%2Fwp%2Fv2%2Fproduct_brand&post=853"},{"taxonomy":"product_cat","embeddable":true,"href":"https:\/\/saturnocafe.org\/index.php?rest_route=%2Fwp%2Fv2%2Fproduct_cat&post=853"},{"taxonomy":"product_tag","embeddable":true,"href":"https:\/\/saturnocafe.org\/index.php?rest_route=%2Fwp%2Fv2%2Fproduct_tag&post=853"}],"curies":[{"name":"wp","href":"https:\/\/api.w.org\/{rel}","templated":true}]}}