{"id":852,"date":"2026-05-04T21:06:57","date_gmt":"2026-05-04T21:06:57","guid":{"rendered":"https:\/\/saturnocafe.org\/?post_type=product&#038;p=852"},"modified":"2026-05-06T23:07:40","modified_gmt":"2026-05-06T23:07:40","slug":"platano-frito","status":"publish","type":"product","link":"https:\/\/saturnocafe.org\/?product=platano-frito","title":{"rendered":"Pl\u00e1tano frito"},"content":{"rendered":"<section class=\"text-token-text-primary w-full focus:outline-none [--shadow-height:45px] has-data-writing-block:pointer-events-none has-data-writing-block:-mt-(--shadow-height) has-data-writing-block:pt-(--shadow-height) [&amp;:has([data-writing-block])&gt;*]:pointer-events-auto R6Vx5W_threadScrollVars scroll-mb-[calc(var(--scroll-root-safe-area-inset-bottom,0px)+var(--thread-response-height))] scroll-mt-(--header-height)\" dir=\"auto\" data-turn-id=\"6563625e-5fda-44af-b3c5-1193197c9ce3\" data-testid=\"conversation-turn-41\" data-scroll-anchor=\"false\" data-turn=\"user\"><\/section>\n<section class=\"text-token-text-primary w-full focus:outline-none [--shadow-height:45px] has-data-writing-block:pointer-events-none has-data-writing-block:-mt-(--shadow-height) has-data-writing-block:pt-(--shadow-height) [&amp;:has([data-writing-block])&gt;*]:pointer-events-auto [content-visibility:auto] supports-[content-visibility:auto]:[contain-intrinsic-size:auto_100lvh] R6Vx5W_threadScrollVars scroll-mb-[calc(var(--scroll-root-safe-area-inset-bottom,0px)+var(--thread-response-height))] scroll-mt-[calc(var(--header-height)+min(200px,max(70px,20svh)))]\" dir=\"auto\" data-turn-id=\"request-69f8f4e0-2d70-83e8-b906-ffb4c701a07a-7\" data-testid=\"conversation-turn-42\" data-scroll-anchor=\"false\" data-turn=\"assistant\">\n<div class=\"text-base my-auto mx-auto pb-10 [--thread-content-margin:var(--thread-content-margin-xs,calc(var(--spacing)*4))] @w-sm\/main:[--thread-content-margin:var(--thread-content-margin-sm,calc(var(--spacing)*6))] @w-lg\/main:[--thread-content-margin:var(--thread-content-margin-lg,calc(var(--spacing)*16))] px-(--thread-content-margin)\">\n<div class=\"[--thread-content-max-width:40rem] @w-lg\/main:[--thread-content-max-width:48rem] mx-auto max-w-(--thread-content-max-width) flex-1 group\/turn-messages focus-visible:outline-hidden relative flex w-full min-w-0 flex-col agent-turn\">\n<div class=\"flex max-w-full flex-col gap-4 grow\">\n<div class=\"min-h-8 text-message relative flex w-full flex-col items-end gap-2 text-start break-words whitespace-normal outline-none keyboard-focused:focus-ring [.text-message+&amp;]:mt-1\" dir=\"auto\" tabindex=\"0\" data-message-author-role=\"assistant\" data-message-id=\"fdca8706-b696-4acd-adf6-195d51a0d8a7\" data-message-model-slug=\"gpt-5-3-mini\" data-turn-start-message=\"true\">\n<div class=\"flex w-full flex-col gap-1 empty:hidden\">\n<div class=\"markdown prose dark:prose-invert w-full wrap-break-word dark markdown-new-styling\">\n<p data-start=\"0\" data-end=\"400\">El pl\u00e1tano frito es un postre tradicional elaborado con 280 g de pl\u00e1tano macho frito, que aporta una textura suave por dentro y ligeramente dorada por fuera. Se acompa\u00f1a con media crema <em data-start=\"186\" data-end=\"192\">LALA<\/em> y queso doble crema <em data-start=\"213\" data-end=\"227\">Santa Teresa<\/em>, logrando una combinaci\u00f3n equilibrada entre el dulzor natural del pl\u00e1tano y el contraste salado de los l\u00e1cteos, lo que resulta en un sabor casero, sencillo y reconfortante.<\/p>\n<\/div>\n<\/div>\n<\/div>\n<\/div>\n<\/div>\n<\/div>\n<\/section>\n","protected":false},"excerpt":{"rendered":"<p>El pl\u00e1tano frito es un postre tradicional elaborado con 280 g de pl\u00e1tano macho frito, que aporta una textura suave por dentro y ligeramente dorada por fuera. Se acompa\u00f1a con media crema LALA y queso doble crema Santa Teresa, logrando una combinaci\u00f3n equilibrada entre el dulzor natural del pl\u00e1tano y el contraste salado de los [&hellip;]<\/p>\n","protected":false},"featured_media":1018,"comment_status":"open","ping_status":"closed","template":"","meta":{"_uag_custom_page_level_css":"","advanced_seo_description":"","jetpack_seo_html_title":"","jetpack_seo_noindex":false},"product_brand":[],"product_cat":[23],"product_tag":[],"class_list":{"0":"post-852","1":"product","2":"type-product","3":"status-publish","4":"has-post-thumbnail","6":"product_cat-desayunos","8":"first","9":"instock","10":"taxable","11":"shipping-taxable","12":"purchasable","13":"product-type-simple"},"uagb_featured_image_src":{"full":["https:\/\/saturnocafe.org\/wp-content\/uploads\/2026\/05\/WhatsApp-Image-2026-05-06-at-5.06.24-PM.jpeg",1309,1202,false],"thumbnail":["https:\/\/saturnocafe.org\/wp-content\/uploads\/2026\/05\/WhatsApp-Image-2026-05-06-at-5.06.24-PM-150x150.jpeg",150,150,true],"medium":["https:\/\/saturnocafe.org\/wp-content\/uploads\/2026\/05\/WhatsApp-Image-2026-05-06-at-5.06.24-PM-300x275.jpeg",300,275,true],"medium_large":["https:\/\/saturnocafe.org\/wp-content\/uploads\/2026\/05\/WhatsApp-Image-2026-05-06-at-5.06.24-PM-768x705.jpeg",768,705,true],"large":["https:\/\/saturnocafe.org\/wp-content\/uploads\/2026\/05\/WhatsApp-Image-2026-05-06-at-5.06.24-PM-1024x940.jpeg",1024,940,true],"1536x1536":["https:\/\/saturnocafe.org\/wp-content\/uploads\/2026\/05\/WhatsApp-Image-2026-05-06-at-5.06.24-PM.jpeg",1309,1202,false],"2048x2048":["https:\/\/saturnocafe.org\/wp-content\/uploads\/2026\/05\/WhatsApp-Image-2026-05-06-at-5.06.24-PM.jpeg",1309,1202,false],"woocommerce_archive_thumbnail":["https:\/\/saturnocafe.org\/wp-content\/uploads\/2026\/05\/WhatsApp-Image-2026-05-06-at-5.06.24-PM-400x367.jpeg",400,367,true],"woocommerce_thumbnail":["https:\/\/saturnocafe.org\/wp-content\/uploads\/2026\/05\/WhatsApp-Image-2026-05-06-at-5.06.24-PM-400x400.jpeg",400,400,true],"woocommerce_single":["https:\/\/saturnocafe.org\/wp-content\/uploads\/2026\/05\/WhatsApp-Image-2026-05-06-at-5.06.24-PM-600x551.jpeg",600,551,true],"woocommerce_gallery_thumbnail":["https:\/\/saturnocafe.org\/wp-content\/uploads\/2026\/05\/WhatsApp-Image-2026-05-06-at-5.06.24-PM-100x100.jpeg",100,100,true]},"uagb_author_info":{"display_name":"232b40017@alumno.ujat.mx","author_link":"https:\/\/saturnocafe.org\/?author=0"},"uagb_comment_info":0,"uagb_excerpt":"El pl\u00e1tano frito es un postre tradicional elaborado con 280 g de pl\u00e1tano macho frito, que aporta una textura suave por dentro y ligeramente dorada por fuera. Se acompa\u00f1a con media crema LALA y queso doble crema Santa Teresa, logrando una combinaci\u00f3n equilibrada entre el dulzor natural del pl\u00e1tano y el contraste salado de los&hellip;","jetpack_sharing_enabled":true,"_links":{"self":[{"href":"https:\/\/saturnocafe.org\/index.php?rest_route=\/wp\/v2\/product\/852","targetHints":{"allow":["GET"]}}],"collection":[{"href":"https:\/\/saturnocafe.org\/index.php?rest_route=\/wp\/v2\/product"}],"about":[{"href":"https:\/\/saturnocafe.org\/index.php?rest_route=\/wp\/v2\/types\/product"}],"replies":[{"embeddable":true,"href":"https:\/\/saturnocafe.org\/index.php?rest_route=%2Fwp%2Fv2%2Fcomments&post=852"}],"wp:featuredmedia":[{"embeddable":true,"href":"https:\/\/saturnocafe.org\/index.php?rest_route=\/wp\/v2\/media\/1018"}],"wp:attachment":[{"href":"https:\/\/saturnocafe.org\/index.php?rest_route=%2Fwp%2Fv2%2Fmedia&parent=852"}],"wp:term":[{"taxonomy":"product_brand","embeddable":true,"href":"https:\/\/saturnocafe.org\/index.php?rest_route=%2Fwp%2Fv2%2Fproduct_brand&post=852"},{"taxonomy":"product_cat","embeddable":true,"href":"https:\/\/saturnocafe.org\/index.php?rest_route=%2Fwp%2Fv2%2Fproduct_cat&post=852"},{"taxonomy":"product_tag","embeddable":true,"href":"https:\/\/saturnocafe.org\/index.php?rest_route=%2Fwp%2Fv2%2Fproduct_tag&post=852"}],"curies":[{"name":"wp","href":"https:\/\/api.w.org\/{rel}","templated":true}]}}