{"id":81,"date":"2021-11-30T15:34:14","date_gmt":"2021-11-30T15:34:14","guid":{"rendered":"https:\/\/startersites.io\/blocksy\/petsy\/?post_type=product&#038;p=81"},"modified":"2026-05-06T16:47:21","modified_gmt":"2026-05-06T16:47:21","slug":"botella-de-agua","status":"publish","type":"product","link":"https:\/\/saturnocafe.org\/?product=botella-de-agua","title":{"rendered":"Botella de agua"},"content":{"rendered":"<section class=\"text-token-text-primary w-full focus:outline-none [--shadow-height:45px] has-data-writing-block:pointer-events-none has-data-writing-block:-mt-(--shadow-height) has-data-writing-block:pt-(--shadow-height) [&amp;:has([data-writing-block])&gt;*]:pointer-events-auto [content-visibility:auto] supports-[content-visibility:auto]:[contain-intrinsic-size:auto_100lvh] R6Vx5W_threadScrollVars scroll-mb-[calc(var(--scroll-root-safe-area-inset-bottom,0px)+var(--thread-response-height))] scroll-mt-[calc(var(--header-height)+min(200px,max(70px,20svh)))]\" dir=\"auto\" data-turn-id=\"request-WEB:d6158f3b-b164-4de2-93a0-8f2adce0bd31-25\" data-testid=\"conversation-turn-52\" data-scroll-anchor=\"false\" data-turn=\"assistant\">\n<div class=\"text-base my-auto mx-auto pb-10 [--thread-content-margin:var(--thread-content-margin-xs,calc(var(--spacing)*4))] @w-sm\/main:[--thread-content-margin:var(--thread-content-margin-sm,calc(var(--spacing)*6))] @w-lg\/main:[--thread-content-margin:var(--thread-content-margin-lg,calc(var(--spacing)*16))] px-(--thread-content-margin)\">\n<div class=\"[--thread-content-max-width:40rem] @w-lg\/main:[--thread-content-max-width:48rem] mx-auto max-w-(--thread-content-max-width) flex-1 group\/turn-messages focus-visible:outline-hidden relative flex w-full min-w-0 flex-col agent-turn\">\n<div class=\"flex max-w-full flex-col gap-4 grow\">\n<div class=\"min-h-8 text-message relative flex w-full flex-col items-end gap-2 text-start break-words whitespace-normal outline-none keyboard-focused:focus-ring [.text-message+&amp;]:mt-1\" dir=\"auto\" tabindex=\"0\" data-message-author-role=\"assistant\" data-message-id=\"f393c611-77e7-4bcb-a869-60e0940309b3\" data-message-model-slug=\"gpt-5-3\" data-turn-start-message=\"true\">\n<div class=\"flex w-full flex-col gap-1 empty:hidden\">\n<div class=\"markdown prose dark:prose-invert w-full wrap-break-word dark markdown-new-styling\">\n<p data-start=\"49\" data-end=\"331\">Pura, ligera y esencial para tu d\u00eda a d\u00eda. Agua natural embotellada de la marca Member\u2019s Mark, en presentaci\u00f3n de 500 ml, ideal para mantenerte hidratado en cualquier momento. Una opci\u00f3n pr\u00e1ctica y refrescante para acompa\u00f1ar tus alimentos o disfrutar por s\u00ed sola.<\/p>\n<p data-start=\"333\" data-end=\"409\" data-is-last-node=\"\" data-is-only-node=\"\">Puede consumirse en el local o para llevar, conservando siempre su frescura.<\/p>\n<\/div>\n<\/div>\n<\/div>\n<\/div>\n<div class=\"z-0 flex min-h-[46px] justify-start\"><\/div>\n<div class=\"mt-3 w-full empty:hidden\">\n<div class=\"text-center\"><\/div>\n<\/div>\n<\/div>\n<\/div>\n<\/section>\n<div class=\"pointer-events-none -mt-px h-px translate-y-[calc(var(--scroll-root-safe-area-inset-bottom)-14*var(--spacing))]\" aria-hidden=\"true\"><\/div>\n","protected":false},"excerpt":{"rendered":"<p>Pura, ligera y esencial para tu d\u00eda a d\u00eda. Agua natural embotellada de la marca Member\u2019s Mark, en presentaci\u00f3n de 500 ml, ideal para mantenerte hidratado en cualquier momento. Una opci\u00f3n pr\u00e1ctica y refrescante para acompa\u00f1ar tus alimentos o disfrutar por s\u00ed sola. Puede consumirse en el local o para llevar, conservando siempre su frescura.<\/p>\n","protected":false},"featured_media":990,"comment_status":"open","ping_status":"closed","template":"","meta":{"_uag_custom_page_level_css":"","advanced_seo_description":"","jetpack_seo_html_title":"","jetpack_seo_noindex":false},"product_brand":[],"product_cat":[28],"product_tag":[],"class_list":{"0":"post-81","1":"product","2":"type-product","3":"status-publish","4":"has-post-thumbnail","6":"product_cat-bebidas-frias","8":"first","9":"instock","10":"taxable","11":"shipping-taxable","12":"purchasable","13":"product-type-simple"},"uagb_featured_image_src":{"full":["https:\/\/saturnocafe.org\/wp-content\/uploads\/2021\/11\/Gemini_Generated_Image_oljdhyoljdhyoljd.png",1024,1024,false],"thumbnail":["https:\/\/saturnocafe.org\/wp-content\/uploads\/2021\/11\/Gemini_Generated_Image_oljdhyoljdhyoljd-150x150.png",150,150,true],"medium":["https:\/\/saturnocafe.org\/wp-content\/uploads\/2021\/11\/Gemini_Generated_Image_oljdhyoljdhyoljd-300x300.png",300,300,true],"medium_large":["https:\/\/saturnocafe.org\/wp-content\/uploads\/2021\/11\/Gemini_Generated_Image_oljdhyoljdhyoljd-768x768.png",768,768,true],"large":["https:\/\/saturnocafe.org\/wp-content\/uploads\/2021\/11\/Gemini_Generated_Image_oljdhyoljdhyoljd.png",1024,1024,false],"1536x1536":["https:\/\/saturnocafe.org\/wp-content\/uploads\/2021\/11\/Gemini_Generated_Image_oljdhyoljdhyoljd.png",1024,1024,false],"2048x2048":["https:\/\/saturnocafe.org\/wp-content\/uploads\/2021\/11\/Gemini_Generated_Image_oljdhyoljdhyoljd.png",1024,1024,false],"woocommerce_archive_thumbnail":["https:\/\/saturnocafe.org\/wp-content\/uploads\/2021\/11\/Gemini_Generated_Image_oljdhyoljdhyoljd-400x400.png",400,400,true],"woocommerce_thumbnail":["https:\/\/saturnocafe.org\/wp-content\/uploads\/2021\/11\/Gemini_Generated_Image_oljdhyoljdhyoljd-400x400.png",400,400,true],"woocommerce_single":["https:\/\/saturnocafe.org\/wp-content\/uploads\/2021\/11\/Gemini_Generated_Image_oljdhyoljdhyoljd-600x600.png",600,600,true],"woocommerce_gallery_thumbnail":["https:\/\/saturnocafe.org\/wp-content\/uploads\/2021\/11\/Gemini_Generated_Image_oljdhyoljdhyoljd-100x100.png",100,100,true]},"uagb_author_info":{"display_name":"232b40017@alumno.ujat.mx","author_link":"https:\/\/saturnocafe.org\/?author=0"},"uagb_comment_info":0,"uagb_excerpt":"Pura, ligera y esencial para tu d\u00eda a d\u00eda. Agua natural embotellada de la marca Member\u2019s Mark, en presentaci\u00f3n de 500 ml, ideal para mantenerte hidratado en cualquier momento. Una opci\u00f3n pr\u00e1ctica y refrescante para acompa\u00f1ar tus alimentos o disfrutar por s\u00ed sola. Puede consumirse en el local o para llevar, conservando siempre su frescura.","jetpack_sharing_enabled":true,"_links":{"self":[{"href":"https:\/\/saturnocafe.org\/index.php?rest_route=\/wp\/v2\/product\/81","targetHints":{"allow":["GET"]}}],"collection":[{"href":"https:\/\/saturnocafe.org\/index.php?rest_route=\/wp\/v2\/product"}],"about":[{"href":"https:\/\/saturnocafe.org\/index.php?rest_route=\/wp\/v2\/types\/product"}],"replies":[{"embeddable":true,"href":"https:\/\/saturnocafe.org\/index.php?rest_route=%2Fwp%2Fv2%2Fcomments&post=81"}],"wp:featuredmedia":[{"embeddable":true,"href":"https:\/\/saturnocafe.org\/index.php?rest_route=\/wp\/v2\/media\/990"}],"wp:attachment":[{"href":"https:\/\/saturnocafe.org\/index.php?rest_route=%2Fwp%2Fv2%2Fmedia&parent=81"}],"wp:term":[{"taxonomy":"product_brand","embeddable":true,"href":"https:\/\/saturnocafe.org\/index.php?rest_route=%2Fwp%2Fv2%2Fproduct_brand&post=81"},{"taxonomy":"product_cat","embeddable":true,"href":"https:\/\/saturnocafe.org\/index.php?rest_route=%2Fwp%2Fv2%2Fproduct_cat&post=81"},{"taxonomy":"product_tag","embeddable":true,"href":"https:\/\/saturnocafe.org\/index.php?rest_route=%2Fwp%2Fv2%2Fproduct_tag&post=81"}],"curies":[{"name":"wp","href":"https:\/\/api.w.org\/{rel}","templated":true}]}}