{"id":782,"date":"2026-05-04T19:25:52","date_gmt":"2026-05-04T19:25:52","guid":{"rendered":"https:\/\/saturnocafe.org\/?post_type=product&#038;p=782"},"modified":"2026-05-06T16:30:53","modified_gmt":"2026-05-06T16:30:53","slug":"frappe-de-pinguino","status":"publish","type":"product","link":"https:\/\/saturnocafe.org\/?product=frappe-de-pinguino","title":{"rendered":"Frapp\u00e9 de Ping\u00fcino"},"content":{"rendered":"<p>Cremoso, dulce y con una textura m\u00e1s completa. Se prepara con base de chocolate blanco en polvo de la marca Zaachila, combinada con trozos de Ping\u00fcino Marinela, hielo, jarabe suave y leche deslactosada Santa Clara, logrando una bebida espesa con notas a chocolate y relleno cremoso. Se finaliza con crema batida tipo Chantilly y chispas Turin que aportan un mejor acabado.<\/p>\n","protected":false},"excerpt":{"rendered":"<p>Cremoso, dulce y con una textura m\u00e1s completa. Se prepara con base de chocolate blanco en polvo de la marca Zaachila, combinada con trozos de Ping\u00fcino Marinela, hielo, jarabe suave y leche deslactosada Santa Clara, logrando una bebida espesa con notas a chocolate y relleno cremoso. Se finaliza con crema batida tipo Chantilly y chispas [&hellip;]<\/p>\n","protected":false},"featured_media":989,"comment_status":"open","ping_status":"closed","template":"","meta":{"_uag_custom_page_level_css":"","advanced_seo_description":"","jetpack_seo_html_title":"","jetpack_seo_noindex":false},"product_brand":[],"product_cat":[31],"product_tag":[],"class_list":{"0":"post-782","1":"product","2":"type-product","3":"status-publish","4":"has-post-thumbnail","6":"product_cat-frappes","8":"first","9":"instock","10":"taxable","11":"shipping-taxable","12":"purchasable","13":"product-type-variable"},"uagb_featured_image_src":{"full":["https:\/\/saturnocafe.org\/wp-content\/uploads\/2026\/05\/Gemini_Generated_Image_7pwb4d7pwb4d7pwb.png",1024,1024,false],"thumbnail":["https:\/\/saturnocafe.org\/wp-content\/uploads\/2026\/05\/Gemini_Generated_Image_7pwb4d7pwb4d7pwb-150x150.png",150,150,true],"medium":["https:\/\/saturnocafe.org\/wp-content\/uploads\/2026\/05\/Gemini_Generated_Image_7pwb4d7pwb4d7pwb-300x300.png",300,300,true],"medium_large":["https:\/\/saturnocafe.org\/wp-content\/uploads\/2026\/05\/Gemini_Generated_Image_7pwb4d7pwb4d7pwb-768x768.png",768,768,true],"large":["https:\/\/saturnocafe.org\/wp-content\/uploads\/2026\/05\/Gemini_Generated_Image_7pwb4d7pwb4d7pwb.png",1024,1024,false],"1536x1536":["https:\/\/saturnocafe.org\/wp-content\/uploads\/2026\/05\/Gemini_Generated_Image_7pwb4d7pwb4d7pwb.png",1024,1024,false],"2048x2048":["https:\/\/saturnocafe.org\/wp-content\/uploads\/2026\/05\/Gemini_Generated_Image_7pwb4d7pwb4d7pwb.png",1024,1024,false],"woocommerce_archive_thumbnail":["https:\/\/saturnocafe.org\/wp-content\/uploads\/2026\/05\/Gemini_Generated_Image_7pwb4d7pwb4d7pwb-400x400.png",400,400,true],"woocommerce_thumbnail":["https:\/\/saturnocafe.org\/wp-content\/uploads\/2026\/05\/Gemini_Generated_Image_7pwb4d7pwb4d7pwb-400x400.png",400,400,true],"woocommerce_single":["https:\/\/saturnocafe.org\/wp-content\/uploads\/2026\/05\/Gemini_Generated_Image_7pwb4d7pwb4d7pwb-600x600.png",600,600,true],"woocommerce_gallery_thumbnail":["https:\/\/saturnocafe.org\/wp-content\/uploads\/2026\/05\/Gemini_Generated_Image_7pwb4d7pwb4d7pwb-100x100.png",100,100,true]},"uagb_author_info":{"display_name":"232b40017@alumno.ujat.mx","author_link":"https:\/\/saturnocafe.org\/?author=0"},"uagb_comment_info":0,"uagb_excerpt":"Cremoso, dulce y con una textura m\u00e1s completa. Se prepara con base de chocolate blanco en polvo de la marca Zaachila, combinada con trozos de Ping\u00fcino Marinela, hielo, jarabe suave y leche deslactosada Santa Clara, logrando una bebida espesa con notas a chocolate y relleno cremoso. Se finaliza con crema batida tipo Chantilly y chispas&hellip;","jetpack_sharing_enabled":true,"_links":{"self":[{"href":"https:\/\/saturnocafe.org\/index.php?rest_route=\/wp\/v2\/product\/782","targetHints":{"allow":["GET"]}}],"collection":[{"href":"https:\/\/saturnocafe.org\/index.php?rest_route=\/wp\/v2\/product"}],"about":[{"href":"https:\/\/saturnocafe.org\/index.php?rest_route=\/wp\/v2\/types\/product"}],"replies":[{"embeddable":true,"href":"https:\/\/saturnocafe.org\/index.php?rest_route=%2Fwp%2Fv2%2Fcomments&post=782"}],"wp:featuredmedia":[{"embeddable":true,"href":"https:\/\/saturnocafe.org\/index.php?rest_route=\/wp\/v2\/media\/989"}],"wp:attachment":[{"href":"https:\/\/saturnocafe.org\/index.php?rest_route=%2Fwp%2Fv2%2Fmedia&parent=782"}],"wp:term":[{"taxonomy":"product_brand","embeddable":true,"href":"https:\/\/saturnocafe.org\/index.php?rest_route=%2Fwp%2Fv2%2Fproduct_brand&post=782"},{"taxonomy":"product_cat","embeddable":true,"href":"https:\/\/saturnocafe.org\/index.php?rest_route=%2Fwp%2Fv2%2Fproduct_cat&post=782"},{"taxonomy":"product_tag","embeddable":true,"href":"https:\/\/saturnocafe.org\/index.php?rest_route=%2Fwp%2Fv2%2Fproduct_tag&post=782"}],"curies":[{"name":"wp","href":"https:\/\/api.w.org\/{rel}","templated":true}]}}