{"id":731,"date":"2026-05-04T18:37:56","date_gmt":"2026-05-04T18:37:56","guid":{"rendered":"https:\/\/saturnocafe.org\/?post_type=product&#038;p=731"},"modified":"2026-05-06T22:33:01","modified_gmt":"2026-05-06T22:33:01","slug":"crepas-dulces-2-ingredientes-2","status":"publish","type":"product","link":"https:\/\/saturnocafe.org\/?product=crepas-dulces-2-ingredientes-2","title":{"rendered":"Crepas Saladas (2 ingredientes)"},"content":{"rendered":"<p>Una opci\u00f3n m\u00e1s completa y llena de sabor. Nuestras crepas saladas de dos ingredientes combinan texturas cremosas y sabores intensos en una base suave y dorada, ideales para quienes buscan algo m\u00e1s sustancioso. Puedes elegir entre combinaciones cl\u00e1sicas como Philadelphia con jam\u00f3n o manchego con jam\u00f3n por $69, o elevar tu elecci\u00f3n con opciones como Philadelphia con pepperoni, Philadelphia con manchego o manchego con pepperoni por $74, logrando un equilibrio perfecto entre lo salado y lo fundido en cada bocado.<\/p>\n","protected":false},"excerpt":{"rendered":"<p>Una opci\u00f3n m\u00e1s completa y llena de sabor. Nuestras crepas saladas de dos ingredientes combinan texturas cremosas y sabores intensos en una base suave y dorada, ideales para quienes buscan algo m\u00e1s sustancioso. Puedes elegir entre combinaciones cl\u00e1sicas como Philadelphia con jam\u00f3n o manchego con jam\u00f3n por $69, o elevar tu elecci\u00f3n con opciones como [&hellip;]<\/p>\n","protected":false},"featured_media":1013,"comment_status":"open","ping_status":"closed","template":"","meta":{"_uag_custom_page_level_css":"","advanced_seo_description":"","jetpack_seo_html_title":"","jetpack_seo_noindex":false},"product_brand":[],"product_cat":[21],"product_tag":[],"class_list":{"0":"post-731","1":"product","2":"type-product","3":"status-publish","4":"has-post-thumbnail","6":"product_cat-crepas","8":"first","9":"instock","10":"taxable","11":"shipping-taxable","12":"purchasable","13":"product-type-variable"},"uagb_featured_image_src":{"full":["https:\/\/saturnocafe.org\/wp-content\/uploads\/2026\/05\/WhatsApp-Image-2026-05-06-at-4.27.41-PM.jpeg",1254,1254,false],"thumbnail":["https:\/\/saturnocafe.org\/wp-content\/uploads\/2026\/05\/WhatsApp-Image-2026-05-06-at-4.27.41-PM-150x150.jpeg",150,150,true],"medium":["https:\/\/saturnocafe.org\/wp-content\/uploads\/2026\/05\/WhatsApp-Image-2026-05-06-at-4.27.41-PM-300x300.jpeg",300,300,true],"medium_large":["https:\/\/saturnocafe.org\/wp-content\/uploads\/2026\/05\/WhatsApp-Image-2026-05-06-at-4.27.41-PM-768x768.jpeg",768,768,true],"large":["https:\/\/saturnocafe.org\/wp-content\/uploads\/2026\/05\/WhatsApp-Image-2026-05-06-at-4.27.41-PM-1024x1024.jpeg",1024,1024,true],"1536x1536":["https:\/\/saturnocafe.org\/wp-content\/uploads\/2026\/05\/WhatsApp-Image-2026-05-06-at-4.27.41-PM.jpeg",1254,1254,false],"2048x2048":["https:\/\/saturnocafe.org\/wp-content\/uploads\/2026\/05\/WhatsApp-Image-2026-05-06-at-4.27.41-PM.jpeg",1254,1254,false],"woocommerce_archive_thumbnail":["https:\/\/saturnocafe.org\/wp-content\/uploads\/2026\/05\/WhatsApp-Image-2026-05-06-at-4.27.41-PM-400x400.jpeg",400,400,true],"woocommerce_thumbnail":["https:\/\/saturnocafe.org\/wp-content\/uploads\/2026\/05\/WhatsApp-Image-2026-05-06-at-4.27.41-PM-400x400.jpeg",400,400,true],"woocommerce_single":["https:\/\/saturnocafe.org\/wp-content\/uploads\/2026\/05\/WhatsApp-Image-2026-05-06-at-4.27.41-PM-600x600.jpeg",600,600,true],"woocommerce_gallery_thumbnail":["https:\/\/saturnocafe.org\/wp-content\/uploads\/2026\/05\/WhatsApp-Image-2026-05-06-at-4.27.41-PM-100x100.jpeg",100,100,true]},"uagb_author_info":{"display_name":"232b40017@alumno.ujat.mx","author_link":"https:\/\/saturnocafe.org\/?author=0"},"uagb_comment_info":0,"uagb_excerpt":"Una opci\u00f3n m\u00e1s completa y llena de sabor. Nuestras crepas saladas de dos ingredientes combinan texturas cremosas y sabores intensos en una base suave y dorada, ideales para quienes buscan algo m\u00e1s sustancioso. Puedes elegir entre combinaciones cl\u00e1sicas como Philadelphia con jam\u00f3n o manchego con jam\u00f3n por $69, o elevar tu elecci\u00f3n con opciones como&hellip;","jetpack_sharing_enabled":true,"_links":{"self":[{"href":"https:\/\/saturnocafe.org\/index.php?rest_route=\/wp\/v2\/product\/731","targetHints":{"allow":["GET"]}}],"collection":[{"href":"https:\/\/saturnocafe.org\/index.php?rest_route=\/wp\/v2\/product"}],"about":[{"href":"https:\/\/saturnocafe.org\/index.php?rest_route=\/wp\/v2\/types\/product"}],"replies":[{"embeddable":true,"href":"https:\/\/saturnocafe.org\/index.php?rest_route=%2Fwp%2Fv2%2Fcomments&post=731"}],"wp:featuredmedia":[{"embeddable":true,"href":"https:\/\/saturnocafe.org\/index.php?rest_route=\/wp\/v2\/media\/1013"}],"wp:attachment":[{"href":"https:\/\/saturnocafe.org\/index.php?rest_route=%2Fwp%2Fv2%2Fmedia&parent=731"}],"wp:term":[{"taxonomy":"product_brand","embeddable":true,"href":"https:\/\/saturnocafe.org\/index.php?rest_route=%2Fwp%2Fv2%2Fproduct_brand&post=731"},{"taxonomy":"product_cat","embeddable":true,"href":"https:\/\/saturnocafe.org\/index.php?rest_route=%2Fwp%2Fv2%2Fproduct_cat&post=731"},{"taxonomy":"product_tag","embeddable":true,"href":"https:\/\/saturnocafe.org\/index.php?rest_route=%2Fwp%2Fv2%2Fproduct_tag&post=731"}],"curies":[{"name":"wp","href":"https:\/\/api.w.org\/{rel}","templated":true}]}}