{"id":723,"date":"2026-05-04T18:16:28","date_gmt":"2026-05-04T18:16:28","guid":{"rendered":"https:\/\/saturnocafe.org\/?post_type=product&#038;p=723"},"modified":"2026-05-06T23:27:17","modified_gmt":"2026-05-06T23:27:17","slug":"crepas-dulces-2-ingredientes","status":"publish","type":"product","link":"https:\/\/saturnocafe.org\/?product=crepas-dulces-2-ingredientes","title":{"rendered":"Crepas Dulces (2 ingredientes)"},"content":{"rendered":"<p>Una combinaci\u00f3n que eleva el antojo a otro nivel. Nuestras crepas dulces de dos ingredientes est\u00e1n pensadas para quienes buscan m\u00e1s sabor en cada bocado, mezclando texturas cremosas, dulces y frutales en una base suave y perfectamente dorada. Puedes elegir entre deliciosas combinaciones como Philadelphia con mermelada de fresa o zarzamora, Philadelphia con Nutella, cajeta o lechera, as\u00ed como opciones como Nutella con pl\u00e1tano o cajeta con nuez, logrando contrastes \u00fanicos y equilibrados.<\/p>\n","protected":false},"excerpt":{"rendered":"<p>Una combinaci\u00f3n que eleva el antojo a otro nivel. Nuestras crepas dulces de dos ingredientes est\u00e1n pensadas para quienes buscan m\u00e1s sabor en cada bocado, mezclando texturas cremosas, dulces y frutales en una base suave y perfectamente dorada. Puedes elegir entre deliciosas combinaciones como Philadelphia con mermelada de fresa o zarzamora, Philadelphia con Nutella, cajeta [&hellip;]<\/p>\n","protected":false},"featured_media":1024,"comment_status":"open","ping_status":"closed","template":"","meta":{"_uag_custom_page_level_css":"","advanced_seo_description":"","jetpack_seo_html_title":"","jetpack_seo_noindex":false},"product_brand":[],"product_cat":[21],"product_tag":[],"class_list":{"0":"post-723","1":"product","2":"type-product","3":"status-publish","4":"has-post-thumbnail","6":"product_cat-crepas","8":"first","9":"instock","10":"taxable","11":"shipping-taxable","12":"purchasable","13":"product-type-variable"},"uagb_featured_image_src":{"full":["https:\/\/saturnocafe.org\/wp-content\/uploads\/2026\/05\/Gemini_Generated_Image_lsw95olsw95olsw9.png",1024,1024,false],"thumbnail":["https:\/\/saturnocafe.org\/wp-content\/uploads\/2026\/05\/Gemini_Generated_Image_lsw95olsw95olsw9-150x150.png",150,150,true],"medium":["https:\/\/saturnocafe.org\/wp-content\/uploads\/2026\/05\/Gemini_Generated_Image_lsw95olsw95olsw9-300x300.png",300,300,true],"medium_large":["https:\/\/saturnocafe.org\/wp-content\/uploads\/2026\/05\/Gemini_Generated_Image_lsw95olsw95olsw9-768x768.png",768,768,true],"large":["https:\/\/saturnocafe.org\/wp-content\/uploads\/2026\/05\/Gemini_Generated_Image_lsw95olsw95olsw9.png",1024,1024,false],"1536x1536":["https:\/\/saturnocafe.org\/wp-content\/uploads\/2026\/05\/Gemini_Generated_Image_lsw95olsw95olsw9.png",1024,1024,false],"2048x2048":["https:\/\/saturnocafe.org\/wp-content\/uploads\/2026\/05\/Gemini_Generated_Image_lsw95olsw95olsw9.png",1024,1024,false],"woocommerce_archive_thumbnail":["https:\/\/saturnocafe.org\/wp-content\/uploads\/2026\/05\/Gemini_Generated_Image_lsw95olsw95olsw9-400x400.png",400,400,true],"woocommerce_thumbnail":["https:\/\/saturnocafe.org\/wp-content\/uploads\/2026\/05\/Gemini_Generated_Image_lsw95olsw95olsw9-400x400.png",400,400,true],"woocommerce_single":["https:\/\/saturnocafe.org\/wp-content\/uploads\/2026\/05\/Gemini_Generated_Image_lsw95olsw95olsw9-600x600.png",600,600,true],"woocommerce_gallery_thumbnail":["https:\/\/saturnocafe.org\/wp-content\/uploads\/2026\/05\/Gemini_Generated_Image_lsw95olsw95olsw9-100x100.png",100,100,true]},"uagb_author_info":{"display_name":"232b40017@alumno.ujat.mx","author_link":"https:\/\/saturnocafe.org\/?author=0"},"uagb_comment_info":0,"uagb_excerpt":"Una combinaci\u00f3n que eleva el antojo a otro nivel. Nuestras crepas dulces de dos ingredientes est\u00e1n pensadas para quienes buscan m\u00e1s sabor en cada bocado, mezclando texturas cremosas, dulces y frutales en una base suave y perfectamente dorada. Puedes elegir entre deliciosas combinaciones como Philadelphia con mermelada de fresa o zarzamora, Philadelphia con Nutella, cajeta&hellip;","jetpack_sharing_enabled":true,"_links":{"self":[{"href":"https:\/\/saturnocafe.org\/index.php?rest_route=\/wp\/v2\/product\/723","targetHints":{"allow":["GET"]}}],"collection":[{"href":"https:\/\/saturnocafe.org\/index.php?rest_route=\/wp\/v2\/product"}],"about":[{"href":"https:\/\/saturnocafe.org\/index.php?rest_route=\/wp\/v2\/types\/product"}],"replies":[{"embeddable":true,"href":"https:\/\/saturnocafe.org\/index.php?rest_route=%2Fwp%2Fv2%2Fcomments&post=723"}],"wp:featuredmedia":[{"embeddable":true,"href":"https:\/\/saturnocafe.org\/index.php?rest_route=\/wp\/v2\/media\/1024"}],"wp:attachment":[{"href":"https:\/\/saturnocafe.org\/index.php?rest_route=%2Fwp%2Fv2%2Fmedia&parent=723"}],"wp:term":[{"taxonomy":"product_brand","embeddable":true,"href":"https:\/\/saturnocafe.org\/index.php?rest_route=%2Fwp%2Fv2%2Fproduct_brand&post=723"},{"taxonomy":"product_cat","embeddable":true,"href":"https:\/\/saturnocafe.org\/index.php?rest_route=%2Fwp%2Fv2%2Fproduct_cat&post=723"},{"taxonomy":"product_tag","embeddable":true,"href":"https:\/\/saturnocafe.org\/index.php?rest_route=%2Fwp%2Fv2%2Fproduct_tag&post=723"}],"curies":[{"name":"wp","href":"https:\/\/api.w.org\/{rel}","templated":true}]}}