{"id":71,"date":"2021-11-30T15:15:53","date_gmt":"2021-11-30T15:15:53","guid":{"rendered":"https:\/\/startersites.io\/blocksy\/petsy\/?post_type=product&#038;p=71"},"modified":"2026-05-06T23:38:42","modified_gmt":"2026-05-06T23:38:42","slug":"crepas-dulces-1-ingrediente","status":"publish","type":"product","link":"https:\/\/saturnocafe.org\/?product=crepas-dulces-1-ingrediente","title":{"rendered":"Crepas Dulces (1 ingrediente)"},"content":{"rendered":"<p data-start=\"50\" data-end=\"452\">Delicadas, suaves y reci\u00e9n hechas al momento. Nuestras crepas dulces est\u00e1n elaboradas con una mezcla ligera y doradas a la perfecci\u00f3n, ideales para disfrutar como postre o antojo. Puedes elegir tu ingrediente favorito entre Nutella, cajeta, lechera, mermelada de fresa o mermelada de zarzamora, creando una combinaci\u00f3n dulce, cremosa y llena de sabor en cada bocado.<\/p>\n<p data-start=\"454\" data-end=\"476\" data-is-last-node=\"\" data-is-only-node=\"\">Precio por pieza: $55.<\/p>\n","protected":false},"excerpt":{"rendered":"<p>Delicadas, suaves y reci\u00e9n hechas al momento. Nuestras crepas dulces est\u00e1n elaboradas con una mezcla ligera y doradas a la perfecci\u00f3n, ideales para disfrutar como postre o antojo. Puedes elegir tu ingrediente favorito entre Nutella, cajeta, lechera, mermelada de fresa o mermelada de zarzamora, creando una combinaci\u00f3n dulce, cremosa y llena de sabor en cada [&hellip;]<\/p>\n","protected":false},"featured_media":1026,"comment_status":"open","ping_status":"closed","template":"","meta":{"_uag_custom_page_level_css":"","advanced_seo_description":"","jetpack_seo_html_title":"","jetpack_seo_noindex":false},"product_brand":[],"product_cat":[21],"product_tag":[],"class_list":{"0":"post-71","1":"product","2":"type-product","3":"status-publish","4":"has-post-thumbnail","6":"product_cat-crepas","8":"first","9":"instock","10":"taxable","11":"shipping-taxable","12":"purchasable","13":"product-type-variable"},"uagb_featured_image_src":{"full":["https:\/\/saturnocafe.org\/wp-content\/uploads\/2021\/11\/ChatGPT-Image-6-may-2026-05_38_09-p.m.png",1254,1254,false],"thumbnail":["https:\/\/saturnocafe.org\/wp-content\/uploads\/2021\/11\/ChatGPT-Image-6-may-2026-05_38_09-p.m-150x150.png",150,150,true],"medium":["https:\/\/saturnocafe.org\/wp-content\/uploads\/2021\/11\/ChatGPT-Image-6-may-2026-05_38_09-p.m-300x300.png",300,300,true],"medium_large":["https:\/\/saturnocafe.org\/wp-content\/uploads\/2021\/11\/ChatGPT-Image-6-may-2026-05_38_09-p.m-768x768.png",768,768,true],"large":["https:\/\/saturnocafe.org\/wp-content\/uploads\/2021\/11\/ChatGPT-Image-6-may-2026-05_38_09-p.m-1024x1024.png",1024,1024,true],"1536x1536":["https:\/\/saturnocafe.org\/wp-content\/uploads\/2021\/11\/ChatGPT-Image-6-may-2026-05_38_09-p.m.png",1254,1254,false],"2048x2048":["https:\/\/saturnocafe.org\/wp-content\/uploads\/2021\/11\/ChatGPT-Image-6-may-2026-05_38_09-p.m.png",1254,1254,false],"woocommerce_archive_thumbnail":["https:\/\/saturnocafe.org\/wp-content\/uploads\/2021\/11\/ChatGPT-Image-6-may-2026-05_38_09-p.m-400x400.png",400,400,true],"woocommerce_thumbnail":["https:\/\/saturnocafe.org\/wp-content\/uploads\/2021\/11\/ChatGPT-Image-6-may-2026-05_38_09-p.m-400x400.png",400,400,true],"woocommerce_single":["https:\/\/saturnocafe.org\/wp-content\/uploads\/2021\/11\/ChatGPT-Image-6-may-2026-05_38_09-p.m-600x600.png",600,600,true],"woocommerce_gallery_thumbnail":["https:\/\/saturnocafe.org\/wp-content\/uploads\/2021\/11\/ChatGPT-Image-6-may-2026-05_38_09-p.m-100x100.png",100,100,true]},"uagb_author_info":{"display_name":"232b40017@alumno.ujat.mx","author_link":"https:\/\/saturnocafe.org\/?author=0"},"uagb_comment_info":0,"uagb_excerpt":"Delicadas, suaves y reci\u00e9n hechas al momento. Nuestras crepas dulces est\u00e1n elaboradas con una mezcla ligera y doradas a la perfecci\u00f3n, ideales para disfrutar como postre o antojo. Puedes elegir tu ingrediente favorito entre Nutella, cajeta, lechera, mermelada de fresa o mermelada de zarzamora, creando una combinaci\u00f3n dulce, cremosa y llena de sabor en cada&hellip;","jetpack_sharing_enabled":true,"_links":{"self":[{"href":"https:\/\/saturnocafe.org\/index.php?rest_route=\/wp\/v2\/product\/71","targetHints":{"allow":["GET"]}}],"collection":[{"href":"https:\/\/saturnocafe.org\/index.php?rest_route=\/wp\/v2\/product"}],"about":[{"href":"https:\/\/saturnocafe.org\/index.php?rest_route=\/wp\/v2\/types\/product"}],"replies":[{"embeddable":true,"href":"https:\/\/saturnocafe.org\/index.php?rest_route=%2Fwp%2Fv2%2Fcomments&post=71"}],"wp:featuredmedia":[{"embeddable":true,"href":"https:\/\/saturnocafe.org\/index.php?rest_route=\/wp\/v2\/media\/1026"}],"wp:attachment":[{"href":"https:\/\/saturnocafe.org\/index.php?rest_route=%2Fwp%2Fv2%2Fmedia&parent=71"}],"wp:term":[{"taxonomy":"product_brand","embeddable":true,"href":"https:\/\/saturnocafe.org\/index.php?rest_route=%2Fwp%2Fv2%2Fproduct_brand&post=71"},{"taxonomy":"product_cat","embeddable":true,"href":"https:\/\/saturnocafe.org\/index.php?rest_route=%2Fwp%2Fv2%2Fproduct_cat&post=71"},{"taxonomy":"product_tag","embeddable":true,"href":"https:\/\/saturnocafe.org\/index.php?rest_route=%2Fwp%2Fv2%2Fproduct_tag&post=71"}],"curies":[{"name":"wp","href":"https:\/\/api.w.org\/{rel}","templated":true}]}}