{"id":114,"date":"2021-11-30T15:58:34","date_gmt":"2021-11-30T15:58:34","guid":{"rendered":"https:\/\/startersites.io\/blocksy\/petsy\/?post_type=product&#038;p=114"},"modified":"2026-05-06T21:55:25","modified_gmt":"2026-05-06T21:55:25","slug":"cafe-americano","status":"publish","type":"product","link":"https:\/\/saturnocafe.org\/?product=cafe-americano","title":{"rendered":"Caf\u00e9 americano"},"content":{"rendered":"<p data-start=\"82\" data-end=\"502\">Disfruta de un cl\u00e1sico que nunca falla. Nuestro caf\u00e9 americano se prepara con granos de origen veracruzano con un intenso tueste franc\u00e9s de la marca Finca Sof\u00eda, molidos al instante para conservar todo su aroma y frescura. Se combina con agua caliente de garraf\u00f3n marca Epura, dando como resultado una bebida ligera, suave y perfectamente equilibrada, ideal para acompa\u00f1ar cualquier momento del d\u00eda.<\/p>\n<p data-start=\"504\" data-end=\"739\" data-is-last-node=\"\" data-is-only-node=\"\">Puede disfrutarse en taza de porcelana dentro del local o en vaso de papel de 8 oz con tapa y fajilla para llevar. El precio es el mismo para consumo en sitio o para llevar; \u00fanicamente el servicio a domicilio genera un costo adicional.<\/p>\n","protected":false},"excerpt":{"rendered":"<p>Disfruta de un cl\u00e1sico que nunca falla. Nuestro caf\u00e9 americano se prepara con granos de origen veracruzano con un intenso tueste franc\u00e9s de la marca Finca Sof\u00eda, molidos al instante para conservar todo su aroma y frescura. Se combina con agua caliente de garraf\u00f3n marca Epura, dando como resultado una bebida ligera, suave y perfectamente [&hellip;]<\/p>\n","protected":false},"featured_media":666,"comment_status":"open","ping_status":"closed","template":"","meta":{"_uag_custom_page_level_css":"","advanced_seo_description":"","jetpack_seo_html_title":"","jetpack_seo_noindex":false},"product_brand":[],"product_cat":[17],"product_tag":[],"class_list":{"0":"post-114","1":"product","2":"type-product","3":"status-publish","4":"has-post-thumbnail","6":"product_cat-bebidas-calientes","8":"first","9":"instock","10":"taxable","11":"shipping-taxable","12":"purchasable","13":"product-type-variable"},"uagb_featured_image_src":{"full":["https:\/\/saturnocafe.org\/wp-content\/uploads\/2021\/11\/WhatsApp-Image-2026-05-02-at-3.48.16-PM-3.jpeg",1254,1254,false],"thumbnail":["https:\/\/saturnocafe.org\/wp-content\/uploads\/2021\/11\/WhatsApp-Image-2026-05-02-at-3.48.16-PM-3-150x150.jpeg",150,150,true],"medium":["https:\/\/saturnocafe.org\/wp-content\/uploads\/2021\/11\/WhatsApp-Image-2026-05-02-at-3.48.16-PM-3-300x300.jpeg",300,300,true],"medium_large":["https:\/\/saturnocafe.org\/wp-content\/uploads\/2021\/11\/WhatsApp-Image-2026-05-02-at-3.48.16-PM-3-768x768.jpeg",768,768,true],"large":["https:\/\/saturnocafe.org\/wp-content\/uploads\/2021\/11\/WhatsApp-Image-2026-05-02-at-3.48.16-PM-3-1024x1024.jpeg",1024,1024,true],"1536x1536":["https:\/\/saturnocafe.org\/wp-content\/uploads\/2021\/11\/WhatsApp-Image-2026-05-02-at-3.48.16-PM-3.jpeg",1254,1254,false],"2048x2048":["https:\/\/saturnocafe.org\/wp-content\/uploads\/2021\/11\/WhatsApp-Image-2026-05-02-at-3.48.16-PM-3.jpeg",1254,1254,false],"woocommerce_archive_thumbnail":["https:\/\/saturnocafe.org\/wp-content\/uploads\/2021\/11\/WhatsApp-Image-2026-05-02-at-3.48.16-PM-3-400x400.jpeg",400,400,true],"woocommerce_thumbnail":["https:\/\/saturnocafe.org\/wp-content\/uploads\/2021\/11\/WhatsApp-Image-2026-05-02-at-3.48.16-PM-3-400x400.jpeg",400,400,true],"woocommerce_single":["https:\/\/saturnocafe.org\/wp-content\/uploads\/2021\/11\/WhatsApp-Image-2026-05-02-at-3.48.16-PM-3-600x600.jpeg",600,600,true],"woocommerce_gallery_thumbnail":["https:\/\/saturnocafe.org\/wp-content\/uploads\/2021\/11\/WhatsApp-Image-2026-05-02-at-3.48.16-PM-3-100x100.jpeg",100,100,true]},"uagb_author_info":{"display_name":"232b40017@alumno.ujat.mx","author_link":"https:\/\/saturnocafe.org\/?author=0"},"uagb_comment_info":0,"uagb_excerpt":"Disfruta de un cl\u00e1sico que nunca falla. Nuestro caf\u00e9 americano se prepara con granos de origen veracruzano con un intenso tueste franc\u00e9s de la marca Finca Sof\u00eda, molidos al instante para conservar todo su aroma y frescura. Se combina con agua caliente de garraf\u00f3n marca Epura, dando como resultado una bebida ligera, suave y perfectamente&hellip;","jetpack_sharing_enabled":true,"_links":{"self":[{"href":"https:\/\/saturnocafe.org\/index.php?rest_route=\/wp\/v2\/product\/114","targetHints":{"allow":["GET"]}}],"collection":[{"href":"https:\/\/saturnocafe.org\/index.php?rest_route=\/wp\/v2\/product"}],"about":[{"href":"https:\/\/saturnocafe.org\/index.php?rest_route=\/wp\/v2\/types\/product"}],"replies":[{"embeddable":true,"href":"https:\/\/saturnocafe.org\/index.php?rest_route=%2Fwp%2Fv2%2Fcomments&post=114"}],"wp:featuredmedia":[{"embeddable":true,"href":"https:\/\/saturnocafe.org\/index.php?rest_route=\/wp\/v2\/media\/666"}],"wp:attachment":[{"href":"https:\/\/saturnocafe.org\/index.php?rest_route=%2Fwp%2Fv2%2Fmedia&parent=114"}],"wp:term":[{"taxonomy":"product_brand","embeddable":true,"href":"https:\/\/saturnocafe.org\/index.php?rest_route=%2Fwp%2Fv2%2Fproduct_brand&post=114"},{"taxonomy":"product_cat","embeddable":true,"href":"https:\/\/saturnocafe.org\/index.php?rest_route=%2Fwp%2Fv2%2Fproduct_cat&post=114"},{"taxonomy":"product_tag","embeddable":true,"href":"https:\/\/saturnocafe.org\/index.php?rest_route=%2Fwp%2Fv2%2Fproduct_tag&post=114"}],"curies":[{"name":"wp","href":"https:\/\/api.w.org\/{rel}","templated":true}]}}