{"id":110,"date":"2021-11-30T15:56:14","date_gmt":"2021-11-30T15:56:14","guid":{"rendered":"https:\/\/startersites.io\/blocksy\/petsy\/?post_type=product&#038;p=110"},"modified":"2026-05-05T22:07:57","modified_gmt":"2026-05-05T22:07:57","slug":"cappuccino","status":"publish","type":"product","link":"https:\/\/saturnocafe.org\/?product=cappuccino","title":{"rendered":"Cappuccino"},"content":{"rendered":"<p>Una bebida cl\u00e1sica que equilibra intensidad y suavidad. Nuestro cappuccino se prepara con caf\u00e9 en grano de origen veracruzano con tueste franc\u00e9s de la marca Finca Sof\u00eda, molido al instante para conservar todo su aroma. Se combina con agua de garraf\u00f3n marca Epura, leche deslactosada Santa Clara y un ligero toque de canela en polvo Member\u2019s Mark, logrando una textura cremosa y un sabor c\u00e1lido con notas ligeramente especiadas.<\/p>\n","protected":false},"excerpt":{"rendered":"<p>Una bebida cl\u00e1sica que equilibra intensidad y suavidad. Nuestro cappuccino se prepara con caf\u00e9 en grano de origen veracruzano con tueste franc\u00e9s de la marca Finca Sof\u00eda, molido al instante para conservar todo su aroma. Se combina con agua de garraf\u00f3n marca Epura, leche deslactosada Santa Clara y un ligero toque de canela en polvo [&hellip;]<\/p>\n","protected":false},"featured_media":667,"comment_status":"open","ping_status":"closed","template":"","meta":{"_uag_custom_page_level_css":"","advanced_seo_description":"","jetpack_seo_html_title":"","jetpack_seo_noindex":false},"product_brand":[],"product_cat":[17],"product_tag":[],"class_list":{"0":"post-110","1":"product","2":"type-product","3":"status-publish","4":"has-post-thumbnail","6":"product_cat-bebidas-calientes","8":"first","9":"instock","10":"taxable","11":"shipping-taxable","12":"purchasable","13":"product-type-variable"},"uagb_featured_image_src":{"full":["https:\/\/saturnocafe.org\/wp-content\/uploads\/2021\/11\/WhatsApp-Image-2026-05-02-at-3.48.16-PM-2.jpeg",1254,1254,false],"thumbnail":["https:\/\/saturnocafe.org\/wp-content\/uploads\/2021\/11\/WhatsApp-Image-2026-05-02-at-3.48.16-PM-2-150x150.jpeg",150,150,true],"medium":["https:\/\/saturnocafe.org\/wp-content\/uploads\/2021\/11\/WhatsApp-Image-2026-05-02-at-3.48.16-PM-2-300x300.jpeg",300,300,true],"medium_large":["https:\/\/saturnocafe.org\/wp-content\/uploads\/2021\/11\/WhatsApp-Image-2026-05-02-at-3.48.16-PM-2-768x768.jpeg",768,768,true],"large":["https:\/\/saturnocafe.org\/wp-content\/uploads\/2021\/11\/WhatsApp-Image-2026-05-02-at-3.48.16-PM-2-1024x1024.jpeg",1024,1024,true],"1536x1536":["https:\/\/saturnocafe.org\/wp-content\/uploads\/2021\/11\/WhatsApp-Image-2026-05-02-at-3.48.16-PM-2.jpeg",1254,1254,false],"2048x2048":["https:\/\/saturnocafe.org\/wp-content\/uploads\/2021\/11\/WhatsApp-Image-2026-05-02-at-3.48.16-PM-2.jpeg",1254,1254,false],"woocommerce_archive_thumbnail":["https:\/\/saturnocafe.org\/wp-content\/uploads\/2021\/11\/WhatsApp-Image-2026-05-02-at-3.48.16-PM-2-400x400.jpeg",400,400,true],"woocommerce_thumbnail":["https:\/\/saturnocafe.org\/wp-content\/uploads\/2021\/11\/WhatsApp-Image-2026-05-02-at-3.48.16-PM-2-400x400.jpeg",400,400,true],"woocommerce_single":["https:\/\/saturnocafe.org\/wp-content\/uploads\/2021\/11\/WhatsApp-Image-2026-05-02-at-3.48.16-PM-2-600x600.jpeg",600,600,true],"woocommerce_gallery_thumbnail":["https:\/\/saturnocafe.org\/wp-content\/uploads\/2021\/11\/WhatsApp-Image-2026-05-02-at-3.48.16-PM-2-100x100.jpeg",100,100,true]},"uagb_author_info":{"display_name":"232b40017@alumno.ujat.mx","author_link":"https:\/\/saturnocafe.org\/?author=0"},"uagb_comment_info":0,"uagb_excerpt":"Una bebida cl\u00e1sica que equilibra intensidad y suavidad. Nuestro cappuccino se prepara con caf\u00e9 en grano de origen veracruzano con tueste franc\u00e9s de la marca Finca Sof\u00eda, molido al instante para conservar todo su aroma. Se combina con agua de garraf\u00f3n marca Epura, leche deslactosada Santa Clara y un ligero toque de canela en polvo&hellip;","jetpack_sharing_enabled":true,"_links":{"self":[{"href":"https:\/\/saturnocafe.org\/index.php?rest_route=\/wp\/v2\/product\/110","targetHints":{"allow":["GET"]}}],"collection":[{"href":"https:\/\/saturnocafe.org\/index.php?rest_route=\/wp\/v2\/product"}],"about":[{"href":"https:\/\/saturnocafe.org\/index.php?rest_route=\/wp\/v2\/types\/product"}],"replies":[{"embeddable":true,"href":"https:\/\/saturnocafe.org\/index.php?rest_route=%2Fwp%2Fv2%2Fcomments&post=110"}],"wp:featuredmedia":[{"embeddable":true,"href":"https:\/\/saturnocafe.org\/index.php?rest_route=\/wp\/v2\/media\/667"}],"wp:attachment":[{"href":"https:\/\/saturnocafe.org\/index.php?rest_route=%2Fwp%2Fv2%2Fmedia&parent=110"}],"wp:term":[{"taxonomy":"product_brand","embeddable":true,"href":"https:\/\/saturnocafe.org\/index.php?rest_route=%2Fwp%2Fv2%2Fproduct_brand&post=110"},{"taxonomy":"product_cat","embeddable":true,"href":"https:\/\/saturnocafe.org\/index.php?rest_route=%2Fwp%2Fv2%2Fproduct_cat&post=110"},{"taxonomy":"product_tag","embeddable":true,"href":"https:\/\/saturnocafe.org\/index.php?rest_route=%2Fwp%2Fv2%2Fproduct_tag&post=110"}],"curies":[{"name":"wp","href":"https:\/\/api.w.org\/{rel}","templated":true}]}}