{"id":107,"date":"2021-11-30T15:52:16","date_gmt":"2021-11-30T15:52:16","guid":{"rendered":"https:\/\/startersites.io\/blocksy\/petsy\/?post_type=product&#038;p=107"},"modified":"2026-05-06T21:49:03","modified_gmt":"2026-05-06T21:49:03","slug":"latte","status":"publish","type":"product","link":"https:\/\/saturnocafe.org\/?product=latte","title":{"rendered":"Latte"},"content":{"rendered":"<p>Suave, cremoso y perfectamente equilibrado. Nuestro latte se prepara con caf\u00e9 en grano de origen veracruzano con tueste franc\u00e9s de la marca Finca Sof\u00eda, molido al instante para conservar su frescura y aroma. Se combina con agua de garraf\u00f3n marca Epura y leche deslactosada Santa Clara, creando una bebida ligera, sedosa y con un delicado sabor a caf\u00e9 que lo hace ideal para cualquier momento del d\u00eda.<\/p>\n","protected":false},"excerpt":{"rendered":"<p>Suave, cremoso y perfectamente equilibrado. Nuestro latte se prepara con caf\u00e9 en grano de origen veracruzano con tueste franc\u00e9s de la marca Finca Sof\u00eda, molido al instante para conservar su frescura y aroma. Se combina con agua de garraf\u00f3n marca Epura y leche deslactosada Santa Clara, creando una bebida ligera, sedosa y con un delicado [&hellip;]<\/p>\n","protected":false},"featured_media":668,"comment_status":"open","ping_status":"closed","template":"","meta":{"_uag_custom_page_level_css":"","advanced_seo_description":"","jetpack_seo_html_title":"","jetpack_seo_noindex":false},"product_brand":[],"product_cat":[17],"product_tag":[],"class_list":{"0":"post-107","1":"product","2":"type-product","3":"status-publish","4":"has-post-thumbnail","6":"product_cat-bebidas-calientes","8":"first","9":"instock","10":"taxable","11":"shipping-taxable","12":"purchasable","13":"product-type-variable"},"uagb_featured_image_src":{"full":["https:\/\/saturnocafe.org\/wp-content\/uploads\/2021\/11\/WhatsApp-Image-2026-05-02-at-3.48.16-PM-1.jpeg",1087,1447,false],"thumbnail":["https:\/\/saturnocafe.org\/wp-content\/uploads\/2021\/11\/WhatsApp-Image-2026-05-02-at-3.48.16-PM-1-150x150.jpeg",150,150,true],"medium":["https:\/\/saturnocafe.org\/wp-content\/uploads\/2021\/11\/WhatsApp-Image-2026-05-02-at-3.48.16-PM-1-225x300.jpeg",225,300,true],"medium_large":["https:\/\/saturnocafe.org\/wp-content\/uploads\/2021\/11\/WhatsApp-Image-2026-05-02-at-3.48.16-PM-1-768x1022.jpeg",768,1022,true],"large":["https:\/\/saturnocafe.org\/wp-content\/uploads\/2021\/11\/WhatsApp-Image-2026-05-02-at-3.48.16-PM-1-769x1024.jpeg",769,1024,true],"1536x1536":["https:\/\/saturnocafe.org\/wp-content\/uploads\/2021\/11\/WhatsApp-Image-2026-05-02-at-3.48.16-PM-1.jpeg",1087,1447,false],"2048x2048":["https:\/\/saturnocafe.org\/wp-content\/uploads\/2021\/11\/WhatsApp-Image-2026-05-02-at-3.48.16-PM-1.jpeg",1087,1447,false],"woocommerce_archive_thumbnail":["https:\/\/saturnocafe.org\/wp-content\/uploads\/2021\/11\/WhatsApp-Image-2026-05-02-at-3.48.16-PM-1-400x532.jpeg",400,532,true],"woocommerce_thumbnail":["https:\/\/saturnocafe.org\/wp-content\/uploads\/2021\/11\/WhatsApp-Image-2026-05-02-at-3.48.16-PM-1-400x400.jpeg",400,400,true],"woocommerce_single":["https:\/\/saturnocafe.org\/wp-content\/uploads\/2021\/11\/WhatsApp-Image-2026-05-02-at-3.48.16-PM-1-600x799.jpeg",600,799,true],"woocommerce_gallery_thumbnail":["https:\/\/saturnocafe.org\/wp-content\/uploads\/2021\/11\/WhatsApp-Image-2026-05-02-at-3.48.16-PM-1-100x100.jpeg",100,100,true]},"uagb_author_info":{"display_name":"232b40017@alumno.ujat.mx","author_link":"https:\/\/saturnocafe.org\/?author=0"},"uagb_comment_info":0,"uagb_excerpt":"Suave, cremoso y perfectamente equilibrado. Nuestro latte se prepara con caf\u00e9 en grano de origen veracruzano con tueste franc\u00e9s de la marca Finca Sof\u00eda, molido al instante para conservar su frescura y aroma. Se combina con agua de garraf\u00f3n marca Epura y leche deslactosada Santa Clara, creando una bebida ligera, sedosa y con un delicado&hellip;","jetpack_sharing_enabled":true,"_links":{"self":[{"href":"https:\/\/saturnocafe.org\/index.php?rest_route=\/wp\/v2\/product\/107","targetHints":{"allow":["GET"]}}],"collection":[{"href":"https:\/\/saturnocafe.org\/index.php?rest_route=\/wp\/v2\/product"}],"about":[{"href":"https:\/\/saturnocafe.org\/index.php?rest_route=\/wp\/v2\/types\/product"}],"replies":[{"embeddable":true,"href":"https:\/\/saturnocafe.org\/index.php?rest_route=%2Fwp%2Fv2%2Fcomments&post=107"}],"wp:featuredmedia":[{"embeddable":true,"href":"https:\/\/saturnocafe.org\/index.php?rest_route=\/wp\/v2\/media\/668"}],"wp:attachment":[{"href":"https:\/\/saturnocafe.org\/index.php?rest_route=%2Fwp%2Fv2%2Fmedia&parent=107"}],"wp:term":[{"taxonomy":"product_brand","embeddable":true,"href":"https:\/\/saturnocafe.org\/index.php?rest_route=%2Fwp%2Fv2%2Fproduct_brand&post=107"},{"taxonomy":"product_cat","embeddable":true,"href":"https:\/\/saturnocafe.org\/index.php?rest_route=%2Fwp%2Fv2%2Fproduct_cat&post=107"},{"taxonomy":"product_tag","embeddable":true,"href":"https:\/\/saturnocafe.org\/index.php?rest_route=%2Fwp%2Fv2%2Fproduct_tag&post=107"}],"curies":[{"name":"wp","href":"https:\/\/api.w.org\/{rel}","templated":true}]}}