{"id":101,"date":"2021-11-30T15:45:50","date_gmt":"2021-11-30T15:45:50","guid":{"rendered":"https:\/\/startersites.io\/blocksy\/petsy\/?post_type=product&#038;p=101"},"modified":"2026-05-06T22:11:07","modified_gmt":"2026-05-06T22:11:07","slug":"americano-frio","status":"publish","type":"product","link":"https:\/\/saturnocafe.org\/?product=americano-frio","title":{"rendered":"Americano fr\u00edo"},"content":{"rendered":"<p>Refrescante y lleno de car\u00e1cter. Nuestro caf\u00e9 americano fr\u00edo se prepara con granos de origen veracruzano con tueste franc\u00e9s de la marca Finca Sof\u00eda, molidos al instante para conservar su aroma y frescura. Se mezcla con agua de garraf\u00f3n marca Epura y hielo, logrando una bebida ligera, suave y perfecta para disfrutar en climas c\u00e1lidos.<\/p>\n","protected":false},"excerpt":{"rendered":"<p>Refrescante y lleno de car\u00e1cter. Nuestro caf\u00e9 americano fr\u00edo se prepara con granos de origen veracruzano con tueste franc\u00e9s de la marca Finca Sof\u00eda, molidos al instante para conservar su aroma y frescura. Se mezcla con agua de garraf\u00f3n marca Epura y hielo, logrando una bebida ligera, suave y perfecta para disfrutar en climas c\u00e1lidos.<\/p>\n","protected":false},"featured_media":1005,"comment_status":"open","ping_status":"closed","template":"","meta":{"_uag_custom_page_level_css":"","advanced_seo_description":"","jetpack_seo_html_title":"","jetpack_seo_noindex":false},"product_brand":[],"product_cat":[28],"product_tag":[],"class_list":{"0":"post-101","1":"product","2":"type-product","3":"status-publish","4":"has-post-thumbnail","6":"product_cat-bebidas-frias","8":"first","9":"instock","10":"taxable","11":"shipping-taxable","12":"purchasable","13":"product-type-variable"},"uagb_featured_image_src":{"full":["https:\/\/saturnocafe.org\/wp-content\/uploads\/2021\/11\/WhatsApp-Image-2026-05-06-at-4.07.21-PM-e1778105363255.jpeg",840,958,false],"thumbnail":["https:\/\/saturnocafe.org\/wp-content\/uploads\/2021\/11\/WhatsApp-Image-2026-05-06-at-4.07.21-PM-e1778105363255-150x150.jpeg",150,150,true],"medium":["https:\/\/saturnocafe.org\/wp-content\/uploads\/2021\/11\/WhatsApp-Image-2026-05-06-at-4.07.21-PM-e1778105363255-263x300.jpeg",263,300,true],"medium_large":["https:\/\/saturnocafe.org\/wp-content\/uploads\/2021\/11\/WhatsApp-Image-2026-05-06-at-4.07.21-PM-e1778105363255-768x876.jpeg",768,876,true],"large":["https:\/\/saturnocafe.org\/wp-content\/uploads\/2021\/11\/WhatsApp-Image-2026-05-06-at-4.07.21-PM-768x1024.jpeg",768,1024,true],"1536x1536":["https:\/\/saturnocafe.org\/wp-content\/uploads\/2021\/11\/WhatsApp-Image-2026-05-06-at-4.07.21-PM-e1778105363255.jpeg",840,958,false],"2048x2048":["https:\/\/saturnocafe.org\/wp-content\/uploads\/2021\/11\/WhatsApp-Image-2026-05-06-at-4.07.21-PM-e1778105363255.jpeg",840,958,false],"woocommerce_archive_thumbnail":["https:\/\/saturnocafe.org\/wp-content\/uploads\/2021\/11\/WhatsApp-Image-2026-05-06-at-4.07.21-PM-e1778105363255-400x456.jpeg",400,456,true],"woocommerce_thumbnail":["https:\/\/saturnocafe.org\/wp-content\/uploads\/2021\/11\/WhatsApp-Image-2026-05-06-at-4.07.21-PM-e1778105363255-400x400.jpeg",400,400,true],"woocommerce_single":["https:\/\/saturnocafe.org\/wp-content\/uploads\/2021\/11\/WhatsApp-Image-2026-05-06-at-4.07.21-PM-e1778105363255-600x684.jpeg",600,684,true],"woocommerce_gallery_thumbnail":["https:\/\/saturnocafe.org\/wp-content\/uploads\/2021\/11\/WhatsApp-Image-2026-05-06-at-4.07.21-PM-e1778105363255-100x100.jpeg",100,100,true]},"uagb_author_info":{"display_name":"232b40017@alumno.ujat.mx","author_link":"https:\/\/saturnocafe.org\/?author=0"},"uagb_comment_info":0,"uagb_excerpt":"Refrescante y lleno de car\u00e1cter. Nuestro caf\u00e9 americano fr\u00edo se prepara con granos de origen veracruzano con tueste franc\u00e9s de la marca Finca Sof\u00eda, molidos al instante para conservar su aroma y frescura. Se mezcla con agua de garraf\u00f3n marca Epura y hielo, logrando una bebida ligera, suave y perfecta para disfrutar en climas c\u00e1lidos.","jetpack_sharing_enabled":true,"_links":{"self":[{"href":"https:\/\/saturnocafe.org\/index.php?rest_route=\/wp\/v2\/product\/101","targetHints":{"allow":["GET"]}}],"collection":[{"href":"https:\/\/saturnocafe.org\/index.php?rest_route=\/wp\/v2\/product"}],"about":[{"href":"https:\/\/saturnocafe.org\/index.php?rest_route=\/wp\/v2\/types\/product"}],"replies":[{"embeddable":true,"href":"https:\/\/saturnocafe.org\/index.php?rest_route=%2Fwp%2Fv2%2Fcomments&post=101"}],"wp:featuredmedia":[{"embeddable":true,"href":"https:\/\/saturnocafe.org\/index.php?rest_route=\/wp\/v2\/media\/1005"}],"wp:attachment":[{"href":"https:\/\/saturnocafe.org\/index.php?rest_route=%2Fwp%2Fv2%2Fmedia&parent=101"}],"wp:term":[{"taxonomy":"product_brand","embeddable":true,"href":"https:\/\/saturnocafe.org\/index.php?rest_route=%2Fwp%2Fv2%2Fproduct_brand&post=101"},{"taxonomy":"product_cat","embeddable":true,"href":"https:\/\/saturnocafe.org\/index.php?rest_route=%2Fwp%2Fv2%2Fproduct_cat&post=101"},{"taxonomy":"product_tag","embeddable":true,"href":"https:\/\/saturnocafe.org\/index.php?rest_route=%2Fwp%2Fv2%2Fproduct_tag&post=101"}],"curies":[{"name":"wp","href":"https:\/\/api.w.org\/{rel}","templated":true}]}}